{"id":19196,"date":"2023-05-08T06:10:59","date_gmt":"2023-05-08T03:10:59","guid":{"rendered":"https:\/\/ro.f-chain.com\/international-trademark-registration\/"},"modified":"2026-03-10T05:10:28","modified_gmt":"2026-03-10T02:10:28","slug":"international-trademark-registration","status":"publish","type":"page","link":"https:\/\/ro.f-chain.com\/ro\/international-trademark-registration\/","title":{"rendered":"\u00cenregistrarea interna\u021bional\u0103 a m\u0103rcii: ce trebuie s\u0103 \u0219ti\u021bi"},"content":{"rendered":"<div class=\"wpb-content-wrapper\"><p>[vc_row css_animation=&#8221;fadeInUp&#8221;][vc_column][vc_column_text css_animation=&#8221;fadeInDown&#8221; css=&#8221;&#8221;]<\/p>\n<h3>\u00cenregistrarea interna\u021bional\u0103 a m\u0103rcii: ce trebuie s\u0103 \u0219ti\u021bi<\/h3>\n<p>Protejarea propriet\u0103\u021bii intelectuale necesit\u0103 documente care confirm\u0103 drepturile de autor \u0219i drepturile asupra m\u0103rcii. Procedurile administrative \u0219i formalit\u0103\u021bile legale nu sunt \u00eentotdeauna simple, de aceea este recomandat s\u0103 apela\u021bi la speciali\u0219ti pentru <strong>\u00eenregistrarea interna\u021bional\u0103 a m\u0103rcii (International trademark registration)<\/strong>.<\/p>\n<p>Respectarea condi\u021biilor legale \u0219i a reglement\u0103rilor aplicabile \u00een domeniul brevetelor \u0219i al propriet\u0103\u021bii intelectuale v\u0103 permite s\u0103 ob\u021bine\u021bi nu doar protec\u021bia drepturilor asupra brandului, ci \u0219i alte beneficii comerciale. De exemplu, utilizarea rezultatelor muncii dumneavoastr\u0103 poate obliga ter\u021bii s\u0103 pl\u0103teasc\u0103 pentru utilizarea acestora. Astfel, investi\u021biile \u00een tehnologie, design sau dezvoltare de produse pot deveni profitabile \u0219i protejate juridic.[\/vc_column_text][\/vc_column][\/vc_row][vc_row content_placement=&#8221;middle&#8221; css_animation=&#8221;fadeInUp&#8221;][vc_column width=&#8221;1\/2&#8243;][vc_column_text css_animation=&#8221;slideInLeft&#8221; css=&#8221;&#8221;]<\/p>\n<h3>Cum s\u0103 ob\u021bine\u021bi ajutor pentru re\u00eennoirea m\u0103rcii comerciale (Trademark Renewal)<\/h3>\n<p>Serviciile profesionale faciliteaz\u0103 semnificativ parcurgerea procedurilor oficiale precum <strong>re\u00eennoirea m\u0103rcii (Trademark renewal)<\/strong> sau <strong>\u00eenregistrarea m\u0103rcii \u00een Europa (trademark registration in Europe)<\/strong>. Speciali\u0219tii creeaz\u0103 condi\u021biile necesare pentru protec\u021bia juridic\u0103 a brandului \u0219i pot contribui la atragerea investi\u021biilor din partea altor companii.<\/p>\n<p>Pentru ca <strong>re\u00eennoirea m\u0103rcii comerciale<\/strong> s\u0103 fie rapid\u0103 \u0219i f\u0103r\u0103 complica\u021bii, este important s\u0103 beneficia\u021bi de suport profesional \u0219i de servicii juridice specializate.<\/p>\n<p>Pentru a demonstra legitimitatea dreptului de proprietate asupra unui logo sau design, trebuie \u00eendeplinite mai multe condi\u021bii:<\/p>\n<ul class=\"ul-gray\">\n<li>prezentarea documentelor care confirm\u0103 originalitatea ideii;<\/li>\n<li>p\u0103strarea detaliilor dezvolt\u0103rii \u00eenainte de depunerea cererii;<\/li>\n<li>verificarea registrelor de m\u0103rci pentru a identifica brevete similare sau identice.<\/li>\n<\/ul>\n<p><strong>\u00cenregistrarea interna\u021bional\u0103 a m\u0103rcii<\/strong> protejeaz\u0103 drepturile autorului \u00een multiple \u021b\u0103ri \u0219i jurisdic\u021bii. Nimeni nu poate utiliza inven\u021bia sau brandul dumneavoastr\u0103 f\u0103r\u0103 notificarea \u0219i acordul titularului. Principalele avantaje ale brevet\u0103rii \u0219i protec\u021biei m\u0103rcii sunt protejarea intereselor \u0219i ob\u021binerea de profituri din utilizarea brandului.[\/vc_column_text][\/vc_column][vc_column width=&#8221;1\/2&#8243;][vc_single_image image=&#8221;19197&#8243; img_size=&#8221;full&#8221; css_animation=&#8221;slideInRight&#8221;][\/vc_column][\/vc_row][vc_row content_placement=&#8221;middle&#8221; css_animation=&#8221;fadeInUp&#8221;][vc_column width=&#8221;1\/2&#8243;][vc_single_image image=&#8221;19198&#8243; img_size=&#8221;full&#8221; css_animation=&#8221;slideInLeft&#8221;][\/vc_column][vc_column width=&#8221;1\/2&#8243;][vc_column_text css_animation=&#8221;fadeInRight&#8221; css=&#8221;&#8221;]<\/p>\n<h3>Cerin\u021be pentru \u00eenregistrarea unei m\u0103rci interna\u021bionale<\/h3>\n<p><strong>\u00cenregistrarea unei m\u0103rci comerciale interna\u021bionale<\/strong> permite utilizarea complet\u0103 a drepturilor asupra brandului, \u00eens\u0103 \u00eenainte de finalizarea procedurii trebuie s\u0103 demonstra\u021bi proprietatea asupra acestuia. \u00cen acest scop, trebuie respectate cerin\u021bele de baz\u0103 prev\u0103zute de <strong>Acordul de la Madrid privind \u00eenregistrarea interna\u021bional\u0103 a m\u0103rcilor<\/strong>:<\/p>\n<ul class=\"ul-gray\">\n<li>existen\u021ba confirm\u0103rii dreptului exclusiv asupra m\u0103rcii;<\/li>\n<li>indicarea \u021b\u0103rilor \u00een care marca va fi inclus\u0103 \u00een registrul interna\u021bional;<\/li>\n<li>depunerea cererii pentru <strong>\u00eenregistrarea interna\u021bional\u0103 a m\u0103rcii<\/strong>;<\/li>\n<li>plata taxelor stabilite conform regulilor procedurale;<\/li>\n<li>confirmarea cu succes \u0219i \u00eenregistrarea oficial\u0103 a m\u0103rcii.<\/li>\n<\/ul>\n<p>Dac\u0103 este necesar\u0103 <strong>re\u00eennoirea m\u0103rcii comerciale (Trademark renewal)<\/strong>, procedura este de obicei mai simpl\u0103. De exemplu, nu mai este necesar\u0103 prezentarea unor dovezi suplimentare privind proprietatea. Totu\u0219i, este recomandat s\u0103 apela\u021bi la servicii profesionale: un avocat cu experien\u021b\u0103 poate simplifica procedurile \u0219i poate asigura protec\u021bia eficient\u0103 a brandului \u00een procesul de <strong>Brand patent renewal<\/strong>.[\/vc_column_text][\/vc_column][\/vc_row][vc_row content_placement=&#8221;middle&#8221; css_animation=&#8221;fadeInUp&#8221;][vc_column width=&#8221;1\/2&#8243;][vc_column_text css_animation=&#8221;slideInLeft&#8221; css=&#8221;&#8221;]<\/p>\n<h3>Etapele \u00eenregistr\u0103rii interna\u021bionale a unei m\u0103rci<\/h3>\n<p>Procesul de includere a unei idei sau a unui brand \u00een registrul interna\u021bional \u00eencepe cu o <strong>verificare a m\u0103rcii (trademark search)<\/strong>. Aceasta presupune analiza registrelor pentru a determina dac\u0103 exist\u0103 m\u0103rci similare sau identice deja \u00eenregistrate.<\/p>\n<p>Ideile originale \u0219i brandurile unice pot aduce profituri semnificative proprietarului.<\/p>\n<p>Avoca\u021bii specializa\u021bi efectueaz\u0103 <strong>monitorizarea m\u0103rcilor comerciale (trademark monitoring)<\/strong>. Experien\u021ba \u0219i cuno\u0219tin\u021bele lor \u00een domeniul propriet\u0103\u021bii intelectuale permit ob\u021binerea rapid\u0103 a rezultatelor analizei. Dac\u0103 nu sunt identificate m\u0103rci similare \u00een timpul examin\u0103rii, procesul poate continua cu urm\u0103toarele etape ale \u00eenregistr\u0103rii.[\/vc_column_text][\/vc_column][vc_column width=&#8221;1\/2&#8243;][vc_single_image image=&#8221;19199&#8243; img_size=&#8221;full&#8221; css_animation=&#8221;slideInRight&#8221;][\/vc_column][\/vc_row][vc_row css_animation=&#8221;fadeInUp&#8221;][vc_column][vc_column_text css_animation=&#8221;slideInUp&#8221; css=&#8221;&#8221;]<\/p>\n<h3>M\u0103rci comerciale interna\u021bionale<\/h3>\n<p>Statutul ob\u021binut dup\u0103 finalizarea procedurii de <strong>\u00eenregistrare interna\u021bional\u0103 a m\u0103rcii<\/strong> permite utilizarea f\u0103r\u0103 restric\u021bii a brandului creat. Aplicarea logo-ului pe produse, lucr\u0103ri artistice sau solu\u021bii de design \u00eenseamn\u0103 c\u0103 titularul drepturilor poate primi pl\u0103\u021bi pentru utilizarea <strong>m\u0103rcii interna\u021bionale<\/strong>.<\/p>\n<p>Deoarece perioada de valabilitate a unui brevet sau a unei m\u0103rci este limitat\u0103, este important s\u0103 efectua\u021bi <strong>re\u00eennoirea m\u0103rcii comerciale<\/strong> la timp. Avoca\u021bii specializa\u021bi pot oferi suport \u0219i \u00een aceast\u0103 procedur\u0103 complex\u0103. Cuno\u0219tin\u021bele juridice \u0219i experien\u021ba \u00een domeniul propriet\u0103\u021bii intelectuale garanteaz\u0103 ob\u021binerea rezultatului dorit.<\/p>\n<p>Procedura de <strong>\u00eenregistrare interna\u021bional\u0103 a m\u0103rcii<\/strong> poate fi monitorizat\u0103 \u0219i online pe parcursul etapelor de examinare \u0219i aprobare.[\/vc_column_text][\/vc_column][\/vc_row]<\/p>\n<\/div>","protected":false},"excerpt":{"rendered":"<p>[vc_row css_animation=&#8221;fadeInUp&#8221;][vc_column][vc_column_text css_animation=&#8221;fadeInDown&#8221; css=&#8221;&#8221;] \u00cenregistrarea interna\u021bional\u0103 a m\u0103rcii: ce trebuie s\u0103 \u0219ti\u021bi Protejarea propriet\u0103\u021bii intelectuale necesit\u0103 documente care confirm\u0103 drepturile de autor \u0219i drepturile asupra m\u0103rcii. Procedurile administrative \u0219i formalit\u0103\u021bile legale nu sunt \u00eentotdeauna simple, de aceea este recomandat s\u0103 apela\u021bi la speciali\u0219ti pentru \u00eenregistrarea interna\u021bional\u0103 a m\u0103rcii (International trademark registration). Respectarea condi\u021biilor legale \u0219i<\/p>\n","protected":false},"author":2,"featured_media":0,"parent":0,"menu_order":0,"comment_status":"closed","ping_status":"closed","template":"","meta":{"_acf_changed":false,"footnotes":""},"class_list":["post-19196","page","type-page","status-publish","hentry"],"acf":[],"yoast_head":"<!-- This site is optimized with the Yoast SEO plugin v27.0 - https:\/\/yoast.com\/product\/yoast-seo-wordpress\/ -->\n<title>\u00cenregistrarea interna\u021bional\u0103 a m\u0103rcii \u00een Rom\u00e2nia<\/title>\n<meta name=\"description\" content=\"\u00cenregistrare interna\u021bional\u0103 a m\u0103rcii \u00een Rom\u00e2nia - protec\u021bie \u00een peste 110 \u021b\u0103ri. Speciali\u0219tii FCain v\u0103 vor ajuta s\u0103 face\u021bi totul corect.\" \/>\n<meta name=\"robots\" content=\"noindex, follow, max-snippet:-1, max-image-preview:large, max-video-preview:-1\" \/>\n<meta property=\"og:locale\" content=\"ro_RO\" \/>\n<meta property=\"og:type\" content=\"article\" \/>\n<meta property=\"og:title\" content=\"\u00cenregistrarea interna\u021bional\u0103 a m\u0103rcii \u00een Rom\u00e2nia\" \/>\n<meta property=\"og:description\" content=\"\u00cenregistrare interna\u021bional\u0103 a m\u0103rcii \u00een Rom\u00e2nia - protec\u021bie \u00een peste 110 \u021b\u0103ri. Speciali\u0219tii FCain v\u0103 vor ajuta s\u0103 face\u021bi totul corect.\" \/>\n<meta property=\"og:url\" content=\"https:\/\/ro.f-chain.com\/ro\/international-trademark-registration\/\" \/>\n<meta property=\"og:site_name\" content=\"Fchain\" \/>\n<meta property=\"article:modified_time\" content=\"2026-03-10T02:10:28+00:00\" \/>\n<meta name=\"twitter:card\" content=\"summary_large_image\" \/>\n<meta name=\"twitter:label1\" content=\"Timp estimat pentru citire\" \/>\n\t<meta name=\"twitter:data1\" content=\"4 minute\" \/>\n<script type=\"application\/ld+json\" class=\"yoast-schema-graph\">{\"@context\":\"https:\/\/schema.org\",\"@graph\":[{\"@type\":\"WebPage\",\"@id\":\"https:\/\/ro.f-chain.com\/ro\/international-trademark-registration\/\",\"url\":\"https:\/\/ro.f-chain.com\/ro\/international-trademark-registration\/\",\"name\":\"\u00cenregistrarea interna\u021bional\u0103 a m\u0103rcii \u00een Rom\u00e2nia\",\"isPartOf\":{\"@id\":\"https:\/\/ro.f-chain.com\/#website\"},\"datePublished\":\"2023-05-08T03:10:59+00:00\",\"dateModified\":\"2026-03-10T02:10:28+00:00\",\"description\":\"\u00cenregistrare interna\u021bional\u0103 a m\u0103rcii \u00een Rom\u00e2nia - protec\u021bie \u00een peste 110 \u021b\u0103ri. Speciali\u0219tii FCain v\u0103 vor ajuta s\u0103 face\u021bi totul corect.\",\"breadcrumb\":{\"@id\":\"https:\/\/ro.f-chain.com\/ro\/international-trademark-registration\/#breadcrumb\"},\"inLanguage\":\"ro-RO\",\"potentialAction\":[{\"@type\":\"ReadAction\",\"target\":[\"https:\/\/ro.f-chain.com\/ro\/international-trademark-registration\/\"]}]},{\"@type\":\"BreadcrumbList\",\"@id\":\"https:\/\/ro.f-chain.com\/ro\/international-trademark-registration\/#breadcrumb\",\"itemListElement\":[{\"@type\":\"ListItem\",\"position\":1,\"name\":\"Home\",\"item\":\"https:\/\/ro.f-chain.com\/ro\/\"},{\"@type\":\"ListItem\",\"position\":2,\"name\":\"\u00cenregistrarea interna\u021bional\u0103 a m\u0103rcii: ce trebuie s\u0103 \u0219ti\u021bi\"}]},{\"@type\":\"WebSite\",\"@id\":\"https:\/\/ro.f-chain.com\/#website\",\"url\":\"https:\/\/ro.f-chain.com\/\",\"name\":\"Fchain\",\"description\":\"\",\"potentialAction\":[{\"@type\":\"SearchAction\",\"target\":{\"@type\":\"EntryPoint\",\"urlTemplate\":\"https:\/\/ro.f-chain.com\/?s={search_term_string}\"},\"query-input\":{\"@type\":\"PropertyValueSpecification\",\"valueRequired\":true,\"valueName\":\"search_term_string\"}}],\"inLanguage\":\"ro-RO\"}]}<\/script>\n<!-- \/ Yoast SEO plugin. -->","yoast_head_json":{"title":"\u00cenregistrarea interna\u021bional\u0103 a m\u0103rcii \u00een Rom\u00e2nia","description":"\u00cenregistrare interna\u021bional\u0103 a m\u0103rcii \u00een Rom\u00e2nia - protec\u021bie \u00een peste 110 \u021b\u0103ri. Speciali\u0219tii FCain v\u0103 vor ajuta s\u0103 face\u021bi totul corect.","robots":{"index":"noindex","follow":"follow","max-snippet":"max-snippet:-1","max-image-preview":"max-image-preview:large","max-video-preview":"max-video-preview:-1"},"og_locale":"ro_RO","og_type":"article","og_title":"\u00cenregistrarea interna\u021bional\u0103 a m\u0103rcii \u00een Rom\u00e2nia","og_description":"\u00cenregistrare interna\u021bional\u0103 a m\u0103rcii \u00een Rom\u00e2nia - protec\u021bie \u00een peste 110 \u021b\u0103ri. Speciali\u0219tii FCain v\u0103 vor ajuta s\u0103 face\u021bi totul corect.","og_url":"https:\/\/ro.f-chain.com\/ro\/international-trademark-registration\/","og_site_name":"Fchain","article_modified_time":"2026-03-10T02:10:28+00:00","twitter_card":"summary_large_image","twitter_misc":{"Timp estimat pentru citire":"4 minute"},"schema":{"@context":"https:\/\/schema.org","@graph":[{"@type":"WebPage","@id":"https:\/\/ro.f-chain.com\/ro\/international-trademark-registration\/","url":"https:\/\/ro.f-chain.com\/ro\/international-trademark-registration\/","name":"\u00cenregistrarea interna\u021bional\u0103 a m\u0103rcii \u00een Rom\u00e2nia","isPartOf":{"@id":"https:\/\/ro.f-chain.com\/#website"},"datePublished":"2023-05-08T03:10:59+00:00","dateModified":"2026-03-10T02:10:28+00:00","description":"\u00cenregistrare interna\u021bional\u0103 a m\u0103rcii \u00een Rom\u00e2nia - protec\u021bie \u00een peste 110 \u021b\u0103ri. Speciali\u0219tii FCain v\u0103 vor ajuta s\u0103 face\u021bi totul corect.","breadcrumb":{"@id":"https:\/\/ro.f-chain.com\/ro\/international-trademark-registration\/#breadcrumb"},"inLanguage":"ro-RO","potentialAction":[{"@type":"ReadAction","target":["https:\/\/ro.f-chain.com\/ro\/international-trademark-registration\/"]}]},{"@type":"BreadcrumbList","@id":"https:\/\/ro.f-chain.com\/ro\/international-trademark-registration\/#breadcrumb","itemListElement":[{"@type":"ListItem","position":1,"name":"Home","item":"https:\/\/ro.f-chain.com\/ro\/"},{"@type":"ListItem","position":2,"name":"\u00cenregistrarea interna\u021bional\u0103 a m\u0103rcii: ce trebuie s\u0103 \u0219ti\u021bi"}]},{"@type":"WebSite","@id":"https:\/\/ro.f-chain.com\/#website","url":"https:\/\/ro.f-chain.com\/","name":"Fchain","description":"","potentialAction":[{"@type":"SearchAction","target":{"@type":"EntryPoint","urlTemplate":"https:\/\/ro.f-chain.com\/?s={search_term_string}"},"query-input":{"@type":"PropertyValueSpecification","valueRequired":true,"valueName":"search_term_string"}}],"inLanguage":"ro-RO"}]}},"_links":{"self":[{"href":"https:\/\/ro.f-chain.com\/ro\/wp-json\/wp\/v2\/pages\/19196","targetHints":{"allow":["GET"]}}],"collection":[{"href":"https:\/\/ro.f-chain.com\/ro\/wp-json\/wp\/v2\/pages"}],"about":[{"href":"https:\/\/ro.f-chain.com\/ro\/wp-json\/wp\/v2\/types\/page"}],"author":[{"embeddable":true,"href":"https:\/\/ro.f-chain.com\/ro\/wp-json\/wp\/v2\/users\/2"}],"replies":[{"embeddable":true,"href":"https:\/\/ro.f-chain.com\/ro\/wp-json\/wp\/v2\/comments?post=19196"}],"version-history":[{"count":4,"href":"https:\/\/ro.f-chain.com\/ro\/wp-json\/wp\/v2\/pages\/19196\/revisions"}],"predecessor-version":[{"id":19204,"href":"https:\/\/ro.f-chain.com\/ro\/wp-json\/wp\/v2\/pages\/19196\/revisions\/19204"}],"wp:attachment":[{"href":"https:\/\/ro.f-chain.com\/ro\/wp-json\/wp\/v2\/media?parent=19196"}],"curies":[{"name":"wp","href":"https:\/\/api.w.org\/{rel}","templated":true}]}}