{"id":19185,"date":"2026-03-02T00:49:12","date_gmt":"2026-03-01T21:49:12","guid":{"rendered":"https:\/\/ro.f-chain.com\/registration-of-companies-and-individual-entrepreneurs\/"},"modified":"2026-03-10T04:27:11","modified_gmt":"2026-03-10T01:27:11","slug":"registration-of-companies-and-individual-entrepreneurs","status":"publish","type":"page","link":"https:\/\/ro.f-chain.com\/ro\/registration-of-companies-and-individual-entrepreneurs\/","title":{"rendered":"\u00cenregistrarea companiilor \u0219i a antreprenorilor individuali"},"content":{"rendered":"<div class=\"wpb-content-wrapper\"><p>[vc_row content_placement=&#8221;middle&#8221; css_animation=&#8221;fadeInUp&#8221;][vc_column][vc_column_text css_animation=&#8221;fadeInDown&#8221; css=&#8221;&#8221;]<\/p>\n<h2>\u00cenregistrarea unei companii \u00een Rom\u00e2nia: etapele principale \u0219i asisten\u021b\u0103 profesional\u0103<\/h2>\n<p>Rom\u00e2nia a devenit un adev\u0103rat magnet pentru antreprenori datorit\u0103 impozitelor reduse \u0219i accesului la pia\u021ba UE. Procesul de \u00eenfiin\u021bare a unei companii aici este destul de transparent dac\u0103 cunoa\u0219te\u021bi etapele principale ale \u00eenregistr\u0103rii unei companii. Ar trebui s\u0103 \u00eencepe\u021bi prin alegerea unui nume \u0219i preg\u0103tirea documentelor. Dac\u0103 dori\u021bi s\u0103 \u00eenregistra\u021bi o afacere \u00een Bucure\u0219ti, re\u021bine\u021bi c\u0103 capitala ofer\u0103 cel mai rapid acces la institu\u021biile guvernamentale \u0219i o infrastructur\u0103 dezvoltat\u0103.[\/vc_column_text][\/vc_column][\/vc_row][vc_row content_placement=&#8221;middle&#8221; css_animation=&#8221;fadeInUp&#8221;][vc_column width=&#8221;1\/2&#8243;][vc_column_text css_animation=&#8221;fadeInLeft&#8221; css=&#8221;&#8221;]<\/p>\n<h2>Nuan\u021be ale \u00eenfiin\u021b\u0103rii unei companii pentru str\u0103ini<\/h2>\n<p>\u00cenfiin\u021barea unei afaceri \u00een Rom\u00e2nia este mai u\u0219oar\u0103 dec\u00e2t pare. Procedura de \u00eenfiin\u021bare a unei companii pentru str\u0103ini nu impune restric\u021bii stricte \u2013 nici m\u0103car nu este necesar\u0103 prezen\u021ba fizic\u0103. \u00centreaga procedur\u0103 de \u00eenfiin\u021bare a unei afaceri \u00een Rom\u00e2nia poate fi realizat\u0103 cu u\u0219urin\u021b\u0103 prin intermediul unui reprezentant de \u00eencredere.<\/p>\n<p>Etapele principale ale \u00eenfiin\u021b\u0103rii unei companii:<\/p>\n<ol class=\"ul-gray\">\n<li>Rezerva\u021bi un nume unic pentru companie.<\/li>\n<li>Preg\u0103ti\u021bi actul constitutiv.<\/li>\n<li>Face\u021bi o contribu\u021bie simbolic\u0103 la capitalul social.<\/li>\n<li>Depune\u021bi o cerere la ONRC.<\/li>\n<\/ol>\n<p>\u00cen general, procesul de \u00eenregistrare a unei \u00eentreprinderi dureaz\u0103 literalmente o s\u0103pt\u0103m\u00e2n\u0103 (3\u20137 zile lucr\u0103toare). Rezultatul este un cod CUI \u0219i preg\u0103tirea complet\u0103 pentru a \u00eencepe activitatea.[\/vc_column_text][\/vc_column][vc_column width=&#8221;1\/2&#8243;][vc_single_image image=&#8221;19186&#8243; img_size=&#8221;full&#8221;][\/vc_column][\/vc_row][vc_row css_animation=&#8221;fadeInUp&#8221;][vc_column][vc_column_text css_animation=&#8221;fadeInDown&#8221; css=&#8221;&#8221;]<\/p>\n<h2>\u00cenfiin\u021barea unei companii \u00een Rom\u00e2nia: primii pa\u0219i<\/h2>\n<p>Odat\u0103 ce \u00eenregistrarea companiei este oficial finalizat\u0103, \u00eencepe o etap\u0103 important\u0103 \u2013 \u00eenregistrarea fiscal\u0103. Mul\u021bi antreprenori aleg statutul de micro\u00eentreprindere pentru a pl\u0103ti impozitul pe cifra de afaceri la o rat\u0103 de numai 1% sau 3%.<\/p>\n<p>Pa\u0219ii principali imediat dup\u0103 \u00eenregistrarea companiei:<\/p>\n<ol class=\"ul-gray\">\n<li>Comanda\u021bi o \u0219tampil\u0103 a companiei. Nu este obligatorie prin lege, dar, \u00een practic\u0103, b\u0103ncile o solicit\u0103 adesea.<\/li>\n<li>\u00cencepe\u021bi deschiderea unui cont bancar de afaceri la una dintre b\u0103ncile locale.<\/li>\n<li>Angaja\u021bi un contabil, deoarece \u00een Rom\u00e2nia rapoartele trebuie depuse \u00een fiecare lun\u0103.<\/li>\n<\/ol>\n<p>Re\u021bine\u021bi c\u0103 deschiderea unui cont poate dura ceva timp din cauza verific\u0103rilor KYC. Preg\u0103ti\u021bi \u00een avans o descriere a afacerii dvs. \u2013 f\u0103r\u0103 acest pas important, constituirea complet\u0103 a companiei este pur \u0219i simplu imposibil\u0103.[\/vc_column_text][\/vc_column][\/vc_row][vc_row content_placement=&#8221;middle&#8221; css_animation=&#8221;fadeInUp&#8221;][vc_column width=&#8221;1\/2&#8243;][vc_single_image image=&#8221;19187&#8243; img_size=&#8221;full&#8221;][\/vc_column][vc_column width=&#8221;1\/2&#8243;][vc_column_text css_animation=&#8221;fadeInRight&#8221; css=&#8221;&#8221;]<\/p>\n<h2>Alegerea unei forme: tipuri \u0219i structuri de companii rom\u00e2ne\u0219ti<\/h2>\n<p>Cea mai popular\u0103 structur\u0103 este SRL. \u00cenregistrarea companiei sub forma unei SRL v\u0103 permite s\u0103 proteja\u021bi bunurile personale ale proprietarului.<\/p>\n<p>Tipuri populare de structuri \u00een Rom\u00e2nia pentru \u00eenregistrarea unei afaceri:<\/p>\n<ol class=\"ul-gray\">\n<li>SRL (Societate cu R\u0103spundere Limitat\u0103) \u2013 ideal\u0103 pentru \u00eentreprinderile mici \u0219i mijlocii.<\/li>\n<li>SA (Societate pe Ac\u021biuni) \u2013 societate pe ac\u021biuni pentru proiecte mari.<\/li>\n<li>PFA (Persoan\u0103 Fizic\u0103 Autorizat\u0103) \u2013 antreprenor individual.<\/li>\n<\/ol>\n<p>Alegerea formei afecteaz\u0103 modul \u00een care se va desf\u0103\u0219ura \u00een continuare constituirea societ\u0103\u021bii \u0219i planificarea fiscal\u0103. Majoritatea str\u0103inilor aleg SRL datorit\u0103 u\u0219urin\u021bei sale de gestionare.<\/p>\n<p>[\/vc_column_text][\/vc_column][\/vc_row][vc_row css_animation=&#8221;fadeInUp&#8221;][vc_column][vc_column_text css_animation=&#8221;fadeInUp&#8221; css=&#8221;&#8221;]<\/p>\n<h2>Cerin\u021be legale pentru constituirea unei companii: tot ce trebuie s\u0103 \u0219ti\u021bi<\/h2>\n<p>Exist\u0103 cerin\u021be legale clare pentru constituirea unei societ\u0103\u021bi care nu pot fi ignorate. De exemplu, o societate trebuie s\u0103 aib\u0103 o adres\u0103 legal\u0103 (birou fizic sau virtual).<\/p>\n<p>Cerin\u021be legale cheie:<\/p>\n<ol class=\"ul-gray\">\n<li>Un sediu social \u00een Rom\u00e2nia.<\/li>\n<li>Numirea a cel pu\u021bin unui director (care poate fi str\u0103in).<\/li>\n<li>Respectarea normelor de \u00eenregistrare \u00een conformitate cu Legea nr. 31\/1990.<\/li>\n<\/ol>\n<p>Dac\u0103 \u00een\u021belege\u021bi cum s\u0103 \u00eenfiin\u021ba\u021bi o companie \u00een mod corect, ve\u021bi avea un instrument fiabil pentru a lucra \u00een Europa. \u00cen\u021belegerea modului \u00een care func\u021bioneaz\u0103 procesul de \u00eenregistrare a unei societ\u0103\u021bi cu r\u0103spundere limitat\u0103 \u00een Rom\u00e2nia v\u0103 va ajuta s\u0103 evita\u021bi respingerile \u00een Registrul Comer\u021bului.<\/p>\n<p>Preg\u0103tirea adecvat\u0103 este cheia succesului, astfel \u00eenc\u00e2t \u00eenfiin\u021barea unei companii ar trebui s\u0103 \u00eenceap\u0103 cu o consultare cu un avocat. \u00cenfiin\u021barea \u0219i \u00eenregistrarea unei companii de \u00eenalt\u0103 calitate \u00eenc\u0103 de la \u00eenceput v\u0103 va scuti de probleme fiscale \u00een viitor.[\/vc_column_text][\/vc_column][\/vc_row]<\/p>\n<\/div>","protected":false},"excerpt":{"rendered":"<p>[vc_row content_placement=&#8221;middle&#8221; css_animation=&#8221;fadeInUp&#8221;][vc_column][vc_column_text css_animation=&#8221;fadeInDown&#8221; css=&#8221;&#8221;] \u00cenregistrarea unei companii \u00een Rom\u00e2nia: etapele principale \u0219i asisten\u021b\u0103 profesional\u0103 Rom\u00e2nia a devenit un adev\u0103rat magnet pentru antreprenori datorit\u0103 impozitelor reduse \u0219i accesului la pia\u021ba UE. Procesul de \u00eenfiin\u021bare a unei companii aici este destul de transparent dac\u0103 cunoa\u0219te\u021bi etapele principale ale \u00eenregistr\u0103rii unei companii. Ar trebui s\u0103 \u00eencepe\u021bi prin<\/p>\n","protected":false},"author":1,"featured_media":0,"parent":0,"menu_order":0,"comment_status":"closed","ping_status":"closed","template":"","meta":{"_acf_changed":false,"footnotes":""},"class_list":["post-19185","page","type-page","status-publish","hentry"],"acf":[],"yoast_head":"<!-- This site is optimized with the Yoast SEO plugin v27.0 - https:\/\/yoast.com\/product\/yoast-seo-wordpress\/ -->\n<title>\u00cenregistrare companii \u00een Rom\u00e2nia \u2013 servicii profesionale de \u00eenfiin\u021bare a companiilor - FCHAIN<\/title>\n<meta name=\"description\" content=\"Servicii complete de \u00eenregistrare a companiilor \u00een Rom\u00e2nia cu FCHAIN: consultan\u021b\u0103 juridic\u0103, preg\u0103tirea documentelor, depunerea la Registrul Comer\u021bului \u0219i asisten\u021b\u0103 post-\u00eenmatriculare. Asisten\u021b\u0103 rapid\u0103 \u0219i conformitate cu legisla\u021bia rom\u00e2neasc\u0103.\" \/>\n<meta name=\"robots\" content=\"noindex, follow, max-snippet:-1, max-image-preview:large, max-video-preview:-1\" \/>\n<meta property=\"og:locale\" content=\"ro_RO\" \/>\n<meta property=\"og:type\" content=\"article\" \/>\n<meta property=\"og:title\" content=\"\u00cenregistrare companii \u00een Rom\u00e2nia \u2013 servicii profesionale de \u00eenfiin\u021bare a companiilor - FCHAIN\" \/>\n<meta property=\"og:description\" content=\"Servicii complete de \u00eenregistrare a companiilor \u00een Rom\u00e2nia cu FCHAIN: consultan\u021b\u0103 juridic\u0103, preg\u0103tirea documentelor, depunerea la Registrul Comer\u021bului \u0219i asisten\u021b\u0103 post-\u00eenmatriculare. Asisten\u021b\u0103 rapid\u0103 \u0219i conformitate cu legisla\u021bia rom\u00e2neasc\u0103.\" \/>\n<meta property=\"og:url\" content=\"https:\/\/ro.f-chain.com\/ro\/registration-of-companies-and-individual-entrepreneurs\/\" \/>\n<meta property=\"og:site_name\" content=\"Fchain\" \/>\n<meta property=\"article:modified_time\" content=\"2026-03-10T01:27:11+00:00\" \/>\n<meta name=\"twitter:card\" content=\"summary_large_image\" \/>\n<meta name=\"twitter:label1\" content=\"Timp estimat pentru citire\" \/>\n\t<meta name=\"twitter:data1\" content=\"3 minute\" \/>\n<script type=\"application\/ld+json\" class=\"yoast-schema-graph\">{\"@context\":\"https:\/\/schema.org\",\"@graph\":[{\"@type\":\"WebPage\",\"@id\":\"https:\/\/ro.f-chain.com\/ro\/registration-of-companies-and-individual-entrepreneurs\/\",\"url\":\"https:\/\/ro.f-chain.com\/ro\/registration-of-companies-and-individual-entrepreneurs\/\",\"name\":\"\u00cenregistrare companii \u00een Rom\u00e2nia \u2013 servicii profesionale de \u00eenfiin\u021bare a companiilor - FCHAIN\",\"isPartOf\":{\"@id\":\"https:\/\/ro.f-chain.com\/#website\"},\"datePublished\":\"2026-03-01T21:49:12+00:00\",\"dateModified\":\"2026-03-10T01:27:11+00:00\",\"description\":\"Servicii complete de \u00eenregistrare a companiilor \u00een Rom\u00e2nia cu FCHAIN: consultan\u021b\u0103 juridic\u0103, preg\u0103tirea documentelor, depunerea la Registrul Comer\u021bului \u0219i asisten\u021b\u0103 post-\u00eenmatriculare. Asisten\u021b\u0103 rapid\u0103 \u0219i conformitate cu legisla\u021bia rom\u00e2neasc\u0103.\",\"breadcrumb\":{\"@id\":\"https:\/\/ro.f-chain.com\/ro\/registration-of-companies-and-individual-entrepreneurs\/#breadcrumb\"},\"inLanguage\":\"ro-RO\",\"potentialAction\":[{\"@type\":\"ReadAction\",\"target\":[\"https:\/\/ro.f-chain.com\/ro\/registration-of-companies-and-individual-entrepreneurs\/\"]}]},{\"@type\":\"BreadcrumbList\",\"@id\":\"https:\/\/ro.f-chain.com\/ro\/registration-of-companies-and-individual-entrepreneurs\/#breadcrumb\",\"itemListElement\":[{\"@type\":\"ListItem\",\"position\":1,\"name\":\"Home\",\"item\":\"https:\/\/ro.f-chain.com\/ro\/\"},{\"@type\":\"ListItem\",\"position\":2,\"name\":\"\u00cenregistrarea companiilor \u0219i a antreprenorilor individuali\"}]},{\"@type\":\"WebSite\",\"@id\":\"https:\/\/ro.f-chain.com\/#website\",\"url\":\"https:\/\/ro.f-chain.com\/\",\"name\":\"Fchain\",\"description\":\"\",\"potentialAction\":[{\"@type\":\"SearchAction\",\"target\":{\"@type\":\"EntryPoint\",\"urlTemplate\":\"https:\/\/ro.f-chain.com\/?s={search_term_string}\"},\"query-input\":{\"@type\":\"PropertyValueSpecification\",\"valueRequired\":true,\"valueName\":\"search_term_string\"}}],\"inLanguage\":\"ro-RO\"}]}<\/script>\n<!-- \/ Yoast SEO plugin. -->","yoast_head_json":{"title":"\u00cenregistrare companii \u00een Rom\u00e2nia \u2013 servicii profesionale de \u00eenfiin\u021bare a companiilor - FCHAIN","description":"Servicii complete de \u00eenregistrare a companiilor \u00een Rom\u00e2nia cu FCHAIN: consultan\u021b\u0103 juridic\u0103, preg\u0103tirea documentelor, depunerea la Registrul Comer\u021bului \u0219i asisten\u021b\u0103 post-\u00eenmatriculare. Asisten\u021b\u0103 rapid\u0103 \u0219i conformitate cu legisla\u021bia rom\u00e2neasc\u0103.","robots":{"index":"noindex","follow":"follow","max-snippet":"max-snippet:-1","max-image-preview":"max-image-preview:large","max-video-preview":"max-video-preview:-1"},"og_locale":"ro_RO","og_type":"article","og_title":"\u00cenregistrare companii \u00een Rom\u00e2nia \u2013 servicii profesionale de \u00eenfiin\u021bare a companiilor - FCHAIN","og_description":"Servicii complete de \u00eenregistrare a companiilor \u00een Rom\u00e2nia cu FCHAIN: consultan\u021b\u0103 juridic\u0103, preg\u0103tirea documentelor, depunerea la Registrul Comer\u021bului \u0219i asisten\u021b\u0103 post-\u00eenmatriculare. Asisten\u021b\u0103 rapid\u0103 \u0219i conformitate cu legisla\u021bia rom\u00e2neasc\u0103.","og_url":"https:\/\/ro.f-chain.com\/ro\/registration-of-companies-and-individual-entrepreneurs\/","og_site_name":"Fchain","article_modified_time":"2026-03-10T01:27:11+00:00","twitter_card":"summary_large_image","twitter_misc":{"Timp estimat pentru citire":"3 minute"},"schema":{"@context":"https:\/\/schema.org","@graph":[{"@type":"WebPage","@id":"https:\/\/ro.f-chain.com\/ro\/registration-of-companies-and-individual-entrepreneurs\/","url":"https:\/\/ro.f-chain.com\/ro\/registration-of-companies-and-individual-entrepreneurs\/","name":"\u00cenregistrare companii \u00een Rom\u00e2nia \u2013 servicii profesionale de \u00eenfiin\u021bare a companiilor - FCHAIN","isPartOf":{"@id":"https:\/\/ro.f-chain.com\/#website"},"datePublished":"2026-03-01T21:49:12+00:00","dateModified":"2026-03-10T01:27:11+00:00","description":"Servicii complete de \u00eenregistrare a companiilor \u00een Rom\u00e2nia cu FCHAIN: consultan\u021b\u0103 juridic\u0103, preg\u0103tirea documentelor, depunerea la Registrul Comer\u021bului \u0219i asisten\u021b\u0103 post-\u00eenmatriculare. Asisten\u021b\u0103 rapid\u0103 \u0219i conformitate cu legisla\u021bia rom\u00e2neasc\u0103.","breadcrumb":{"@id":"https:\/\/ro.f-chain.com\/ro\/registration-of-companies-and-individual-entrepreneurs\/#breadcrumb"},"inLanguage":"ro-RO","potentialAction":[{"@type":"ReadAction","target":["https:\/\/ro.f-chain.com\/ro\/registration-of-companies-and-individual-entrepreneurs\/"]}]},{"@type":"BreadcrumbList","@id":"https:\/\/ro.f-chain.com\/ro\/registration-of-companies-and-individual-entrepreneurs\/#breadcrumb","itemListElement":[{"@type":"ListItem","position":1,"name":"Home","item":"https:\/\/ro.f-chain.com\/ro\/"},{"@type":"ListItem","position":2,"name":"\u00cenregistrarea companiilor \u0219i a antreprenorilor individuali"}]},{"@type":"WebSite","@id":"https:\/\/ro.f-chain.com\/#website","url":"https:\/\/ro.f-chain.com\/","name":"Fchain","description":"","potentialAction":[{"@type":"SearchAction","target":{"@type":"EntryPoint","urlTemplate":"https:\/\/ro.f-chain.com\/?s={search_term_string}"},"query-input":{"@type":"PropertyValueSpecification","valueRequired":true,"valueName":"search_term_string"}}],"inLanguage":"ro-RO"}]}},"_links":{"self":[{"href":"https:\/\/ro.f-chain.com\/ro\/wp-json\/wp\/v2\/pages\/19185","targetHints":{"allow":["GET"]}}],"collection":[{"href":"https:\/\/ro.f-chain.com\/ro\/wp-json\/wp\/v2\/pages"}],"about":[{"href":"https:\/\/ro.f-chain.com\/ro\/wp-json\/wp\/v2\/types\/page"}],"author":[{"embeddable":true,"href":"https:\/\/ro.f-chain.com\/ro\/wp-json\/wp\/v2\/users\/1"}],"replies":[{"embeddable":true,"href":"https:\/\/ro.f-chain.com\/ro\/wp-json\/wp\/v2\/comments?post=19185"}],"version-history":[{"count":5,"href":"https:\/\/ro.f-chain.com\/ro\/wp-json\/wp\/v2\/pages\/19185\/revisions"}],"predecessor-version":[{"id":19192,"href":"https:\/\/ro.f-chain.com\/ro\/wp-json\/wp\/v2\/pages\/19185\/revisions\/19192"}],"wp:attachment":[{"href":"https:\/\/ro.f-chain.com\/ro\/wp-json\/wp\/v2\/media?parent=19185"}],"curies":[{"name":"wp","href":"https:\/\/api.w.org\/{rel}","templated":true}]}}