{"id":19128,"date":"2026-02-28T14:54:26","date_gmt":"2026-02-28T11:54:26","guid":{"rendered":"https:\/\/ro.f-chain.com\/recruitment-services\/"},"modified":"2026-03-10T04:21:27","modified_gmt":"2026-03-10T01:21:27","slug":"recruitment-services","status":"publish","type":"page","link":"https:\/\/ro.f-chain.com\/ro\/recruitment-services\/","title":{"rendered":"Servicii de recrutare"},"content":{"rendered":"<div class=\"wpb-content-wrapper\"><p>[vc_row css_animation=&#8221;fadeInUp&#8221;][vc_column][vc_column_text css_animation=&#8221;fadeInDown&#8221; css=&#8221;&#8221;]<\/p>\n<h2>Servicii profesionale de recrutare \u00een Rom\u00e2nia pentru cre\u0219terea afacerilor interna\u021bionale<\/h2>\n<p>Serviciile moderne de recrutare ajut\u0103 antreprenorii s\u0103 g\u0103seasc\u0103 rapid speciali\u0219ti pentru o dezvoltare de succes pe o pia\u021b\u0103 nou\u0103. Serviciile profesionale de asisten\u021b\u0103 \u0219i plasare a for\u021bei de munc\u0103 asigur\u0103 un flux stabil de personal \u00een diferite departamente ale organiza\u021biei. Externalizarea proceselor de c\u0103utare de rutin\u0103 c\u0103tre exper\u021bi externi economise\u0219te semnificativ timp pentru managementul companiei.[\/vc_column_text][\/vc_column][\/vc_row][vc_row content_placement=&#8221;middle&#8221; css_animation=&#8221;fadeInUp&#8221;][vc_column width=&#8221;1\/2&#8243;][vc_column_text css_animation=&#8221;fadeInLeft&#8221; css=&#8221;&#8221;]<\/p>\n<h2>FCHAIN ofer\u0103 solu\u021bii de resurse umane \u0219i recrutare pentru companiile locale<\/h2>\n<p>Echipa noastr\u0103 ofer\u0103 solu\u021bii complete de resurse umane \u0219i recrutare pentru gestionarea eficient\u0103 a capitalului uman \u00eentr-un mediu competitiv. Serviciile de plasare a for\u021bei de munc\u0103 testate \u00een timp garanteaz\u0103 c\u0103 candida\u021bii se potrivesc cu cultura corporativ\u0103 a companiei dumneavoastr\u0103. Recrutarea de \u00eenalt\u0103 calitate elimin\u0103 fluctua\u021bia de personal \u0219i reduce costurile de formare. Achizi\u021bia de talente cu experien\u021b\u0103 creeaz\u0103 o baz\u0103 solid\u0103 pentru succesul pe termen lung al oric\u0103rei m\u0103rci.[\/vc_column_text][\/vc_column][vc_column width=&#8221;1\/2&#8243;][vc_single_image image=&#8221;19130&#8243; img_size=&#8221;full&#8221;][\/vc_column][\/vc_row][vc_row content_placement=&#8221;middle&#8221; css_animation=&#8221;fadeInUp&#8221;][vc_column width=&#8221;1\/2&#8243;][vc_single_image image=&#8221;19131&#8243; img_size=&#8221;full&#8221;][\/vc_column][vc_column width=&#8221;1\/2&#8243;][vc_column_text css_animation=&#8221;fadeInRight&#8221; css=&#8221;&#8221;]<\/p>\n<h2>Externalizarea salariz\u0103rii \u0219i a resurselor umane \u0219i asisten\u021b\u0103 administrativ\u0103 \u00een Rom\u00e2nia<\/h2>\n<p>Externalizarea salariz\u0103rii \u0219i a resurselor umane elibereaz\u0103 managementul de birocra\u021bia \u0219i inspec\u021biile de rutin\u0103. Serviciile profesionale de plasare a for\u021bei de munc\u0103 ajut\u0103 la integrarea f\u0103r\u0103 \u00eent\u00e2rziere a noilor angaja\u021bi \u00een sistemul contabil al companiei.<\/p>\n<p>Avantajele principale ale deleg\u0103rii sarcinilor de achizi\u021bie de talente:<\/p>\n<ol class=\"ul-gray\">\n<li>Conformitatea deplin\u0103 a tuturor ordinelor interne cu legisla\u021bia muncii din Rom\u00e2nia.<\/li>\n<li>Calculul precis al salariilor \u0219i al deducerilor fiscale pe baz\u0103 lunar\u0103.<\/li>\n<li>C\u0103utare profesional\u0103 de cadre pentru ocuparea posturilor cheie de conducere.<\/li>\n<li>Ocuparea rapid\u0103 a posturilor vacante prin servicii eficiente de plasare a for\u021bei de munc\u0103 \u00een diferite regiuni.<\/li>\n<\/ol>\n<p>Delegarea func\u021biilor administrative cre\u0219te eficien\u021ba general\u0103 a departamentului de resurse umane al organiza\u021biei.[\/vc_column_text][\/vc_column][\/vc_row][vc_row content_placement=&#8221;middle&#8221; css_animation=&#8221;fadeInUp&#8221;][vc_column width=&#8221;1\/2&#8243;][vc_column_text css_animation=&#8221;fadeInLeft&#8221; css=&#8221;&#8221;]<\/p>\n<h2>Agen\u021bie de recrutare pentru companii \u0219i solu\u021bii profesionale de personal<\/h2>\n<p>O agen\u021bie de recrutare de \u00eencredere pentru \u00eentreprinderi dispune de o baz\u0103 de date extins\u0103 de candida\u021bi pentru ocuparea posturilor specializate. Serviciile noastre de plasare a for\u021bei de munc\u0103 acoper\u0103 domeniile tehnologiei informa\u021biei, produc\u021biei \u0219i finan\u021belor. Achizi\u021bia de talente competente v\u0103 permite s\u0103 g\u0103si\u021bi lideri capabili s\u0103 dezvolte proiecte inovatoare. O agen\u021bie specializat\u0103 \u00een recrutare ofer\u0103 flexibilitate \u00een gestionarea resurselor umane \u00een perioadele de v\u00e2rf ale activit\u0103\u021bii. Atunci c\u00e2nd oferim servicii de plasare a for\u021bei de munc\u0103, realiz\u0103m interviuri preliminare am\u0103nun\u021bite pentru a elimina candida\u021bii nepotrivi\u021bi.[\/vc_column_text][\/vc_column][vc_column width=&#8221;1\/2&#8243;][vc_single_image image=&#8221;947&#8243; img_size=&#8221;full&#8221;][\/vc_column][\/vc_row][vc_row content_placement=&#8221;middle&#8221; css_animation=&#8221;fadeInUp&#8221;][vc_column width=&#8221;1\/2&#8243;][vc_single_image image=&#8221;19044&#8243; img_size=&#8221;full&#8221; css=&#8221;&#8221;][\/vc_column][vc_column width=&#8221;1\/2&#8243;][vc_column_text css_animation=&#8221;fadeInRight&#8221; css=&#8221;&#8221;]<\/p>\n<h2>Solu\u021bii de angajare \u0219i planificare a for\u021bei de munc\u0103 pentru o dezvoltare durabil\u0103<\/h2>\n<p>Solu\u021biile inovatoare de angajare din Bucure\u0219ti iau \u00een considerare dinamica dezvolt\u0103rii unui sector specific al economiei din capital\u0103. Serviciile de plasare a for\u021bei de munc\u0103 pe care le oferim sus\u021bin relevan\u021ba bazei de talente a organiza\u021biei dumneavoastr\u0103.<\/p>\n<p>Principalele avantaje ale colabor\u0103rii cu noi:<\/p>\n<ol class=\"ul-gray\">\n<li>Studiu aprofundat al procesului de recrutare a talentelor IT \u0219i tehnologice pentru transformarea digital\u0103.<\/li>\n<li>Furnizarea de servicii de plasare a for\u021bei de munc\u0103 pentru recrutarea \u00een mas\u0103 a personalului de linie.<\/li>\n<li>Servicii specializate de headhunting \u00een Rom\u00e2nia pentru g\u0103sirea de exper\u021bi tehnici rari.<\/li>\n<li>Implementarea de solu\u021bii de resurse umane \u0219i recrutare pentru automatizarea proceselor interne.<\/li>\n<\/ol>\n<p>Serviciile de plasare a for\u021bei de munc\u0103 bine organizate economisesc timpul managerilor \u00een ceea ce prive\u0219te desf\u0103\u0219urarea interviurilor ini\u021biale. Serviciile noastre profesionale de recrutare \u00een Rom\u00e2nia ofer\u0103 acces la cei mai buni talenta\u021bi din regiune.[\/vc_column_text][\/vc_column][\/vc_row][vc_row][vc_column][vc_column_text css_animation=&#8221;fadeInUp&#8221; css=&#8221;&#8221;]Externalizarea complet\u0103 a serviciilor de salarizare \u0219i resurse umane garanteaz\u0103 securitatea juridic\u0103 a tuturor rela\u021biilor de munc\u0103. O agen\u021bie de recrutare cu experien\u021b\u0103 pentru companii g\u0103se\u0219te solu\u021bii chiar \u0219i pentru cele mai complexe cereri de personal. Serviciile moderne de recrutare sunt adaptate cerin\u021belor ridicate ale standardelor interna\u021bionale de calitate. \u00cen procesul de furnizare a serviciilor de plasare a for\u021bei de munc\u0103, ne asigur\u0103m c\u0103 noii angaja\u021bi \u00ee\u0219i ating rapid obiectivele planificate. Externalizarea serviciilor de salarizare \u0219i resurse umane asigur\u0103 ordinea \u00een documenta\u021bie.[\/vc_column_text][\/vc_column][\/vc_row]<\/p>\n<\/div>","protected":false},"excerpt":{"rendered":"<p>[vc_row css_animation=&#8221;fadeInUp&#8221;][vc_column][vc_column_text css_animation=&#8221;fadeInDown&#8221; css=&#8221;&#8221;] Servicii profesionale de recrutare \u00een Rom\u00e2nia pentru cre\u0219terea afacerilor interna\u021bionale Serviciile moderne de recrutare ajut\u0103 antreprenorii s\u0103 g\u0103seasc\u0103 rapid speciali\u0219ti pentru o dezvoltare de succes pe o pia\u021b\u0103 nou\u0103. Serviciile profesionale de asisten\u021b\u0103 \u0219i plasare a for\u021bei de munc\u0103 asigur\u0103 un flux stabil de personal \u00een diferite departamente ale organiza\u021biei. Externalizarea<\/p>\n","protected":false},"author":2,"featured_media":0,"parent":0,"menu_order":0,"comment_status":"closed","ping_status":"closed","template":"","meta":{"_acf_changed":false,"footnotes":""},"class_list":["post-19128","page","type-page","status-publish","hentry"],"acf":[],"yoast_head":"<!-- This site is optimized with the Yoast SEO plugin v27.0 - https:\/\/yoast.com\/product\/yoast-seo-wordpress\/ -->\n<title>Servicii de recrutare \u00een Rom\u00e2nia - FCHAIN<\/title>\n<meta name=\"description\" content=\"Agen\u021bia de recrutare FCHAIN \u200b\u200ba fost fondat\u0103 \u00een 2002 - experien\u021b\u0103 \u00een furnizarea de servicii profesionale de recrutare \u0219i outsourcing \u00een Rom\u00e2nia \u0219i \u00een multe alte \u021b\u0103ri.\" \/>\n<meta name=\"robots\" content=\"noindex, follow, max-snippet:-1, max-image-preview:large, max-video-preview:-1\" \/>\n<meta property=\"og:locale\" content=\"ro_RO\" \/>\n<meta property=\"og:type\" content=\"article\" \/>\n<meta property=\"og:title\" content=\"Servicii de recrutare \u00een Rom\u00e2nia - FCHAIN\" \/>\n<meta property=\"og:description\" content=\"Agen\u021bia de recrutare FCHAIN \u200b\u200ba fost fondat\u0103 \u00een 2002 - experien\u021b\u0103 \u00een furnizarea de servicii profesionale de recrutare \u0219i outsourcing \u00een Rom\u00e2nia \u0219i \u00een multe alte \u021b\u0103ri.\" \/>\n<meta property=\"og:url\" content=\"https:\/\/ro.f-chain.com\/ro\/recruitment-services\/\" \/>\n<meta property=\"og:site_name\" content=\"Fchain\" \/>\n<meta property=\"article:modified_time\" content=\"2026-03-10T01:21:27+00:00\" \/>\n<meta name=\"twitter:card\" content=\"summary_large_image\" \/>\n<meta name=\"twitter:label1\" content=\"Timp estimat pentru citire\" \/>\n\t<meta name=\"twitter:data1\" content=\"3 minute\" \/>\n<script type=\"application\/ld+json\" class=\"yoast-schema-graph\">{\"@context\":\"https:\/\/schema.org\",\"@graph\":[{\"@type\":\"WebPage\",\"@id\":\"https:\/\/ro.f-chain.com\/ro\/recruitment-services\/\",\"url\":\"https:\/\/ro.f-chain.com\/ro\/recruitment-services\/\",\"name\":\"Servicii de recrutare \u00een Rom\u00e2nia - FCHAIN\",\"isPartOf\":{\"@id\":\"https:\/\/ro.f-chain.com\/#website\"},\"datePublished\":\"2026-02-28T11:54:26+00:00\",\"dateModified\":\"2026-03-10T01:21:27+00:00\",\"description\":\"Agen\u021bia de recrutare FCHAIN \u200b\u200ba fost fondat\u0103 \u00een 2002 - experien\u021b\u0103 \u00een furnizarea de servicii profesionale de recrutare \u0219i outsourcing \u00een Rom\u00e2nia \u0219i \u00een multe alte \u021b\u0103ri.\",\"breadcrumb\":{\"@id\":\"https:\/\/ro.f-chain.com\/ro\/recruitment-services\/#breadcrumb\"},\"inLanguage\":\"ro-RO\",\"potentialAction\":[{\"@type\":\"ReadAction\",\"target\":[\"https:\/\/ro.f-chain.com\/ro\/recruitment-services\/\"]}]},{\"@type\":\"BreadcrumbList\",\"@id\":\"https:\/\/ro.f-chain.com\/ro\/recruitment-services\/#breadcrumb\",\"itemListElement\":[{\"@type\":\"ListItem\",\"position\":1,\"name\":\"Home\",\"item\":\"https:\/\/ro.f-chain.com\/ro\/\"},{\"@type\":\"ListItem\",\"position\":2,\"name\":\"Servicii de recrutare\"}]},{\"@type\":\"WebSite\",\"@id\":\"https:\/\/ro.f-chain.com\/#website\",\"url\":\"https:\/\/ro.f-chain.com\/\",\"name\":\"Fchain\",\"description\":\"\",\"potentialAction\":[{\"@type\":\"SearchAction\",\"target\":{\"@type\":\"EntryPoint\",\"urlTemplate\":\"https:\/\/ro.f-chain.com\/?s={search_term_string}\"},\"query-input\":{\"@type\":\"PropertyValueSpecification\",\"valueRequired\":true,\"valueName\":\"search_term_string\"}}],\"inLanguage\":\"ro-RO\"}]}<\/script>\n<!-- \/ Yoast SEO plugin. -->","yoast_head_json":{"title":"Servicii de recrutare \u00een Rom\u00e2nia - FCHAIN","description":"Agen\u021bia de recrutare FCHAIN \u200b\u200ba fost fondat\u0103 \u00een 2002 - experien\u021b\u0103 \u00een furnizarea de servicii profesionale de recrutare \u0219i outsourcing \u00een Rom\u00e2nia \u0219i \u00een multe alte \u021b\u0103ri.","robots":{"index":"noindex","follow":"follow","max-snippet":"max-snippet:-1","max-image-preview":"max-image-preview:large","max-video-preview":"max-video-preview:-1"},"og_locale":"ro_RO","og_type":"article","og_title":"Servicii de recrutare \u00een Rom\u00e2nia - FCHAIN","og_description":"Agen\u021bia de recrutare FCHAIN \u200b\u200ba fost fondat\u0103 \u00een 2002 - experien\u021b\u0103 \u00een furnizarea de servicii profesionale de recrutare \u0219i outsourcing \u00een Rom\u00e2nia \u0219i \u00een multe alte \u021b\u0103ri.","og_url":"https:\/\/ro.f-chain.com\/ro\/recruitment-services\/","og_site_name":"Fchain","article_modified_time":"2026-03-10T01:21:27+00:00","twitter_card":"summary_large_image","twitter_misc":{"Timp estimat pentru citire":"3 minute"},"schema":{"@context":"https:\/\/schema.org","@graph":[{"@type":"WebPage","@id":"https:\/\/ro.f-chain.com\/ro\/recruitment-services\/","url":"https:\/\/ro.f-chain.com\/ro\/recruitment-services\/","name":"Servicii de recrutare \u00een Rom\u00e2nia - FCHAIN","isPartOf":{"@id":"https:\/\/ro.f-chain.com\/#website"},"datePublished":"2026-02-28T11:54:26+00:00","dateModified":"2026-03-10T01:21:27+00:00","description":"Agen\u021bia de recrutare FCHAIN \u200b\u200ba fost fondat\u0103 \u00een 2002 - experien\u021b\u0103 \u00een furnizarea de servicii profesionale de recrutare \u0219i outsourcing \u00een Rom\u00e2nia \u0219i \u00een multe alte \u021b\u0103ri.","breadcrumb":{"@id":"https:\/\/ro.f-chain.com\/ro\/recruitment-services\/#breadcrumb"},"inLanguage":"ro-RO","potentialAction":[{"@type":"ReadAction","target":["https:\/\/ro.f-chain.com\/ro\/recruitment-services\/"]}]},{"@type":"BreadcrumbList","@id":"https:\/\/ro.f-chain.com\/ro\/recruitment-services\/#breadcrumb","itemListElement":[{"@type":"ListItem","position":1,"name":"Home","item":"https:\/\/ro.f-chain.com\/ro\/"},{"@type":"ListItem","position":2,"name":"Servicii de recrutare"}]},{"@type":"WebSite","@id":"https:\/\/ro.f-chain.com\/#website","url":"https:\/\/ro.f-chain.com\/","name":"Fchain","description":"","potentialAction":[{"@type":"SearchAction","target":{"@type":"EntryPoint","urlTemplate":"https:\/\/ro.f-chain.com\/?s={search_term_string}"},"query-input":{"@type":"PropertyValueSpecification","valueRequired":true,"valueName":"search_term_string"}}],"inLanguage":"ro-RO"}]}},"_links":{"self":[{"href":"https:\/\/ro.f-chain.com\/ro\/wp-json\/wp\/v2\/pages\/19128","targetHints":{"allow":["GET"]}}],"collection":[{"href":"https:\/\/ro.f-chain.com\/ro\/wp-json\/wp\/v2\/pages"}],"about":[{"href":"https:\/\/ro.f-chain.com\/ro\/wp-json\/wp\/v2\/types\/page"}],"author":[{"embeddable":true,"href":"https:\/\/ro.f-chain.com\/ro\/wp-json\/wp\/v2\/users\/2"}],"replies":[{"embeddable":true,"href":"https:\/\/ro.f-chain.com\/ro\/wp-json\/wp\/v2\/comments?post=19128"}],"version-history":[{"count":2,"href":"https:\/\/ro.f-chain.com\/ro\/wp-json\/wp\/v2\/pages\/19128\/revisions"}],"predecessor-version":[{"id":19133,"href":"https:\/\/ro.f-chain.com\/ro\/wp-json\/wp\/v2\/pages\/19128\/revisions\/19133"}],"wp:attachment":[{"href":"https:\/\/ro.f-chain.com\/ro\/wp-json\/wp\/v2\/media?parent=19128"}],"curies":[{"name":"wp","href":"https:\/\/api.w.org\/{rel}","templated":true}]}}