{"id":19098,"date":"2026-02-28T14:53:42","date_gmt":"2026-02-28T11:53:42","guid":{"rendered":"https:\/\/ro.f-chain.com\/payroll-services\/"},"modified":"2026-03-09T21:24:17","modified_gmt":"2026-03-09T18:24:17","slug":"payroll-services","status":"publish","type":"page","link":"https:\/\/ro.f-chain.com\/ro\/payroll-services\/","title":{"rendered":"Payroll services"},"content":{"rendered":"<div class=\"wpb-content-wrapper\"><p>[vc_row css_animation=&#8221;fadeInUp&#8221;][vc_column][vc_column_text css_animation=&#8221;fadeInDown&#8221; css=&#8221;&#8221;]<\/p>\n<h2>Servicii de salarizare Rom\u00e2nia: cooperare prin externalizare<\/h2>\n<p>Calcularea salariilor \u00een Rom\u00e2nia necesit\u0103 cunoa\u0219terea multor detalii. Contabilii trebuie s\u0103 \u021bin\u0103 cont de modific\u0103rile legisla\u021biei fiscale, s\u0103 aplice corect coeficien\u021bii \u0219i s\u0103 transmit\u0103 rapoarte c\u0103tre ANAF. Compania noastr\u0103 ofer\u0103 servicii de salarizare \u0219i se ocup\u0103 de toate aspectele tehnice, permi\u021b\u00e2ndu-v\u0103 s\u0103 v\u0103 concentra\u021bi pe dezvoltarea afacerii dumneavoastr\u0103.[\/vc_column_text][\/vc_column][\/vc_row][vc_row content_placement=&#8221;middle&#8221; css_animation=&#8221;fadeInUp&#8221;][vc_column width=&#8221;1\/2&#8243;][vc_column_text css_animation=&#8221;fadeInLeft&#8221; css=&#8221;&#8221;]<\/p>\n<h2>Externalizarea serviciilor de salarizare \u0219i resurse umane de c\u0103tre profesioni\u0219ti<\/h2>\n<p>Procesul de gestionare a salariz\u0103rii angaja\u021bilor nu este at\u00e2t de simplu pe c\u00e2t pare la prima vedere. Dac\u0103 sunte\u021bi proprietar unic sau ave\u021bi o companie mic\u0103, aceast\u0103 activitate poate fi externalizat\u0103.<\/p>\n<p>Urm\u0103toarele op\u021biuni sunt incluse \u00een serviciile de salarizare oferite de FCHAIN:<\/p>\n<ol class=\"ul-gray\">\n<li>Calculul automat al impozitelor salariale, \u021bin\u00e2nd cont de toate modific\u0103rile legislative.<\/li>\n<li>Generarea fi\u0219elor de salarizare \u0219i a fi\u0219ierelor bancare pentru transferul banilor c\u0103tre cardurile angaja\u021bilor.<\/li>\n<li>Calcularea compensa\u021biei pentru ore suplimentare la o rat\u0103 de 175% din salariul orar normal (conform legisla\u021biei rom\u00e2ne\u0219ti).<\/li>\n<li>Preg\u0103tirea tuturor formularelor obligatorii pentru ANAF, inclusiv declara\u021bia lunar\u0103 D112 \u0219i registrele individuale.<\/li>\n<\/ol>\n<p>Oferim servicii de salarizare pentru numeroase companii. Precizia calculelor este de 99,97%.[\/vc_column_text][\/vc_column][vc_column width=&#8221;1\/2&#8243;][vc_single_image image=&#8221;848&#8243; img_size=&#8221;full&#8221;][\/vc_column][\/vc_row][vc_row equal_height=&#8221;yes&#8221; content_placement=&#8221;middle&#8221; css_animation=&#8221;fadeInUp&#8221;][vc_column width=&#8221;1\/2&#8243;][vc_single_image image=&#8221;19099&#8243; img_size=&#8221;full&#8221;][\/vc_column][vc_column width=&#8221;1\/2&#8243;][vc_column_text css_animation=&#8221;fadeInRight&#8221; css=&#8221;&#8221;]<\/p>\n<h2>Furnizor de servicii de salarizare pentru companii: serviciu complet<\/h2>\n<p>Atunci c\u00e2nd alege\u021bi un furnizor de servicii de salarizare pentru \u00eentreprinderi din Bucure\u0219ti, este important s\u0103 \u00een\u021belege\u021bi \u00eentregul domeniu de activitate. Nu este vorba doar de calcularea cifrelor. Implic\u0103, de asemenea, comunicarea cu agen\u021biile guvernamentale, r\u0103spunsul la \u00eentreb\u0103rile angaja\u021bilor \u0219i efectuarea de ajust\u0103ri pentru concedieri \u0219i angaj\u0103ri.<\/p>\n<p>Procesarea salariz\u0103rii pentru companii interna\u021bionale adaug\u0103 complexitate. S\u0103 presupunem c\u0103 ave\u021bi un programator rezident din Moldova care lucreaz\u0103 pentru dvs. Trebuie s\u0103 verifica\u021bi dac\u0103 exist\u0103 un acord de evitare a dublei impuneri, s\u0103 solicita\u021bi un certificat de reziden\u021b\u0103 \u0219i s\u0103 aplica\u021bi formula de calcul corect\u0103. Studiul nostru de caz se refer\u0103 la serviciile de salarizare pentru peste 40 de speciali\u0219ti str\u0103ini ai clien\u021bilor no\u0219tri.[\/vc_column_text][\/vc_column][\/vc_row][vc_row content_placement=&#8221;middle&#8221; css_animation=&#8221;fadeInUp&#8221;][vc_column width=&#8221;1\/2&#8243;][vc_column_text css_animation=&#8221;fadeInLeft&#8221; css=&#8221;&#8221;]<\/p>\n<h2>Caracteristici ale administr\u0103rii salariilor<\/h2>\n<p>Legisla\u021bia muncii din Rom\u00e2nia stabile\u0219te limite stricte. Salariile trebuie pl\u0103tite cel pu\u021bin de dou\u0103 ori pe lun\u0103 \u2013 aceasta nu este o recomandare, ci o cerin\u021b\u0103 legal\u0103. Multe companii pl\u0103tesc un avans \u00eentre 10 \u0219i 15 \u0219i plata final\u0103 pe 25. Din acest motiv, serviciile de salarizare din Rom\u00e2nia vor fi utile.<\/p>\n<p>Administrarea salariilor \u00een Rom\u00e2nia de c\u0103tre exper\u021bii FCHAIN \u00eenseamn\u0103 c\u0103 beneficia\u021bi de transparen\u021b\u0103 complet\u0103 a proceselor. Fiecare angajat poate vedea detaliile acumul\u0103rilor sale \u00een contul personal. Procesarea salariilor devine clar\u0103 pentru to\u021bi participan\u021bii.[\/vc_column_text][\/vc_column][vc_column width=&#8221;1\/2&#8243;][vc_single_image image=&#8221;578&#8243; img_size=&#8221;full&#8221;][\/vc_column][\/vc_row][vc_row][vc_column][vc_column_text css_animation=&#8221;fadeInUp&#8221; css=&#8221;&#8221;]<\/p>\n<h2>Solu\u021bii rentabile de salarizare pentru companii de la echipa de exper\u021bi FCHAIN<\/h2>\n<p>Asigurarea conformit\u0103\u021bii salariz\u0103rii cu legisla\u021bia muncii din Rom\u00e2nia necesit\u0103 o monitorizare constant\u0103. \u00cen 2024, au fost emise 12 modific\u0103ri ale codului fiscal, iar \u00een 2025, 8. Este aproape imposibil s\u0103 \u021bine\u021bi eviden\u021ba tuturor modific\u0103rilor pe cont propriu. Externalizarea salariz\u0103rii \u00een Rom\u00e2nia de la FCHAIN v\u0103 ofer\u0103 siguran\u021ba c\u0103 toat\u0103 documenta\u021bia contabil\u0103 va fi \u00een ordine. Gestionarea externalizat\u0103 a salariz\u0103rii angaja\u021bilor v\u0103 ofer\u0103 un alt bonus: protec\u021bie juridic\u0103. Ave\u021bi nevoie de sfaturi privind serviciile de salarizare? Contacta\u021bi-ne \u0219i vom preg\u0103ti o estimare de costuri pentru personalul dumneavoastr\u0103.[\/vc_column_text][\/vc_column][\/vc_row]<\/p>\n<\/div>","protected":false},"excerpt":{"rendered":"<p>[vc_row css_animation=&#8221;fadeInUp&#8221;][vc_column][vc_column_text css_animation=&#8221;fadeInDown&#8221; css=&#8221;&#8221;] Servicii de salarizare Rom\u00e2nia: cooperare prin externalizare Calcularea salariilor \u00een Rom\u00e2nia necesit\u0103 cunoa\u0219terea multor detalii. Contabilii trebuie s\u0103 \u021bin\u0103 cont de modific\u0103rile legisla\u021biei fiscale, s\u0103 aplice corect coeficien\u021bii \u0219i s\u0103 transmit\u0103 rapoarte c\u0103tre ANAF. Compania noastr\u0103 ofer\u0103 servicii de salarizare \u0219i se ocup\u0103 de toate aspectele tehnice, permi\u021b\u00e2ndu-v\u0103 s\u0103 v\u0103 concentra\u021bi<\/p>\n","protected":false},"author":2,"featured_media":0,"parent":0,"menu_order":0,"comment_status":"closed","ping_status":"closed","template":"","meta":{"_acf_changed":false,"footnotes":""},"class_list":["post-19098","page","type-page","status-publish","hentry"],"acf":[],"yoast_head":"<!-- This site is optimized with the Yoast SEO plugin v27.0 - https:\/\/yoast.com\/product\/yoast-seo-wordpress\/ -->\n<title>Servicii de salarizare \u00een Rom\u00e2nia<\/title>\n<meta name=\"description\" content=\"Acest serviciu acoper\u0103 \u00eentregul proces, de la integrarea angaja\u021bilor p\u00e2n\u0103 la debarcarea acestora.\" \/>\n<meta name=\"robots\" content=\"noindex, follow, max-snippet:-1, max-image-preview:large, max-video-preview:-1\" \/>\n<meta property=\"og:locale\" content=\"ro_RO\" \/>\n<meta property=\"og:type\" content=\"article\" \/>\n<meta property=\"og:title\" content=\"Servicii de salarizare \u00een Rom\u00e2nia\" \/>\n<meta property=\"og:description\" content=\"Acest serviciu acoper\u0103 \u00eentregul proces, de la integrarea angaja\u021bilor p\u00e2n\u0103 la debarcarea acestora.\" \/>\n<meta property=\"og:url\" content=\"https:\/\/ro.f-chain.com\/ro\/payroll-services\/\" \/>\n<meta property=\"og:site_name\" content=\"Fchain\" \/>\n<meta property=\"article:modified_time\" content=\"2026-03-09T18:24:17+00:00\" \/>\n<meta property=\"og:image\" content=\"https:\/\/ro.f-chain.com\/wp-content\/uploads\/2022\/10\/join-us-e1664959352669.jpg\" \/>\n\t<meta property=\"og:image:width\" content=\"600\" \/>\n\t<meta property=\"og:image:height\" content=\"401\" \/>\n\t<meta property=\"og:image:type\" content=\"image\/jpeg\" \/>\n<meta name=\"twitter:card\" content=\"summary_large_image\" \/>\n<meta name=\"twitter:label1\" content=\"Timp estimat pentru citire\" \/>\n\t<meta name=\"twitter:data1\" content=\"4 minute\" \/>\n<script type=\"application\/ld+json\" class=\"yoast-schema-graph\">{\"@context\":\"https:\/\/schema.org\",\"@graph\":[{\"@type\":\"WebPage\",\"@id\":\"https:\/\/ro.f-chain.com\/ro\/payroll-services\/\",\"url\":\"https:\/\/ro.f-chain.com\/ro\/payroll-services\/\",\"name\":\"Servicii de salarizare \u00een Rom\u00e2nia\",\"isPartOf\":{\"@id\":\"https:\/\/ro.f-chain.com\/#website\"},\"datePublished\":\"2026-02-28T11:53:42+00:00\",\"dateModified\":\"2026-03-09T18:24:17+00:00\",\"description\":\"Acest serviciu acoper\u0103 \u00eentregul proces, de la integrarea angaja\u021bilor p\u00e2n\u0103 la debarcarea acestora.\",\"breadcrumb\":{\"@id\":\"https:\/\/ro.f-chain.com\/ro\/payroll-services\/#breadcrumb\"},\"inLanguage\":\"ro-RO\",\"potentialAction\":[{\"@type\":\"ReadAction\",\"target\":[\"https:\/\/ro.f-chain.com\/ro\/payroll-services\/\"]}]},{\"@type\":\"BreadcrumbList\",\"@id\":\"https:\/\/ro.f-chain.com\/ro\/payroll-services\/#breadcrumb\",\"itemListElement\":[{\"@type\":\"ListItem\",\"position\":1,\"name\":\"Home\",\"item\":\"https:\/\/ro.f-chain.com\/ro\/\"},{\"@type\":\"ListItem\",\"position\":2,\"name\":\"Payroll services\"}]},{\"@type\":\"WebSite\",\"@id\":\"https:\/\/ro.f-chain.com\/#website\",\"url\":\"https:\/\/ro.f-chain.com\/\",\"name\":\"Fchain\",\"description\":\"\",\"potentialAction\":[{\"@type\":\"SearchAction\",\"target\":{\"@type\":\"EntryPoint\",\"urlTemplate\":\"https:\/\/ro.f-chain.com\/?s={search_term_string}\"},\"query-input\":{\"@type\":\"PropertyValueSpecification\",\"valueRequired\":true,\"valueName\":\"search_term_string\"}}],\"inLanguage\":\"ro-RO\"}]}<\/script>\n<!-- \/ Yoast SEO plugin. -->","yoast_head_json":{"title":"Servicii de salarizare \u00een Rom\u00e2nia","description":"Acest serviciu acoper\u0103 \u00eentregul proces, de la integrarea angaja\u021bilor p\u00e2n\u0103 la debarcarea acestora.","robots":{"index":"noindex","follow":"follow","max-snippet":"max-snippet:-1","max-image-preview":"max-image-preview:large","max-video-preview":"max-video-preview:-1"},"og_locale":"ro_RO","og_type":"article","og_title":"Servicii de salarizare \u00een Rom\u00e2nia","og_description":"Acest serviciu acoper\u0103 \u00eentregul proces, de la integrarea angaja\u021bilor p\u00e2n\u0103 la debarcarea acestora.","og_url":"https:\/\/ro.f-chain.com\/ro\/payroll-services\/","og_site_name":"Fchain","article_modified_time":"2026-03-09T18:24:17+00:00","og_image":[{"width":600,"height":401,"url":"https:\/\/ro.f-chain.com\/wp-content\/uploads\/2022\/10\/join-us-e1664959352669.jpg","type":"image\/jpeg"}],"twitter_card":"summary_large_image","twitter_misc":{"Timp estimat pentru citire":"4 minute"},"schema":{"@context":"https:\/\/schema.org","@graph":[{"@type":"WebPage","@id":"https:\/\/ro.f-chain.com\/ro\/payroll-services\/","url":"https:\/\/ro.f-chain.com\/ro\/payroll-services\/","name":"Servicii de salarizare \u00een Rom\u00e2nia","isPartOf":{"@id":"https:\/\/ro.f-chain.com\/#website"},"datePublished":"2026-02-28T11:53:42+00:00","dateModified":"2026-03-09T18:24:17+00:00","description":"Acest serviciu acoper\u0103 \u00eentregul proces, de la integrarea angaja\u021bilor p\u00e2n\u0103 la debarcarea acestora.","breadcrumb":{"@id":"https:\/\/ro.f-chain.com\/ro\/payroll-services\/#breadcrumb"},"inLanguage":"ro-RO","potentialAction":[{"@type":"ReadAction","target":["https:\/\/ro.f-chain.com\/ro\/payroll-services\/"]}]},{"@type":"BreadcrumbList","@id":"https:\/\/ro.f-chain.com\/ro\/payroll-services\/#breadcrumb","itemListElement":[{"@type":"ListItem","position":1,"name":"Home","item":"https:\/\/ro.f-chain.com\/ro\/"},{"@type":"ListItem","position":2,"name":"Payroll services"}]},{"@type":"WebSite","@id":"https:\/\/ro.f-chain.com\/#website","url":"https:\/\/ro.f-chain.com\/","name":"Fchain","description":"","potentialAction":[{"@type":"SearchAction","target":{"@type":"EntryPoint","urlTemplate":"https:\/\/ro.f-chain.com\/?s={search_term_string}"},"query-input":{"@type":"PropertyValueSpecification","valueRequired":true,"valueName":"search_term_string"}}],"inLanguage":"ro-RO"}]}},"_links":{"self":[{"href":"https:\/\/ro.f-chain.com\/ro\/wp-json\/wp\/v2\/pages\/19098","targetHints":{"allow":["GET"]}}],"collection":[{"href":"https:\/\/ro.f-chain.com\/ro\/wp-json\/wp\/v2\/pages"}],"about":[{"href":"https:\/\/ro.f-chain.com\/ro\/wp-json\/wp\/v2\/types\/page"}],"author":[{"embeddable":true,"href":"https:\/\/ro.f-chain.com\/ro\/wp-json\/wp\/v2\/users\/2"}],"replies":[{"embeddable":true,"href":"https:\/\/ro.f-chain.com\/ro\/wp-json\/wp\/v2\/comments?post=19098"}],"version-history":[{"count":3,"href":"https:\/\/ro.f-chain.com\/ro\/wp-json\/wp\/v2\/pages\/19098\/revisions"}],"predecessor-version":[{"id":19103,"href":"https:\/\/ro.f-chain.com\/ro\/wp-json\/wp\/v2\/pages\/19098\/revisions\/19103"}],"wp:attachment":[{"href":"https:\/\/ro.f-chain.com\/ro\/wp-json\/wp\/v2\/media?parent=19098"}],"curies":[{"name":"wp","href":"https:\/\/api.w.org\/{rel}","templated":true}]}}