{"id":19087,"date":"2026-02-28T14:53:00","date_gmt":"2026-02-28T11:53:00","guid":{"rendered":"https:\/\/ro.f-chain.com\/hr-services\/"},"modified":"2026-03-09T13:45:43","modified_gmt":"2026-03-09T10:45:43","slug":"hr-services","status":"publish","type":"page","link":"https:\/\/ro.f-chain.com\/ro\/hr-services\/","title":{"rendered":"HR Services"},"content":{"rendered":"<div class=\"wpb-content-wrapper\"><p>[vc_row css_animation=&#8221;fadeInUp&#8221;][vc_column][vc_column_text css_animation=&#8221;fadeInDown&#8221; css=&#8221;&#8221;]<\/p>\n<h2>Servicii profesionale de resurse umane \u00een Rom\u00e2nia pentru afaceri<\/h2>\n<p>Ave\u021bi o afacere \u00een Rom\u00e2nia? Atunci \u0219ti\u021bi c\u0103 legisla\u021bia muncii se schimb\u0103 aproape \u00een fiecare an. Din 2025, salariul minim a crescut la 3.700 de lei, iar cotele de contribu\u021bii sociale pentru angajatori au ajuns la 22,75%. O singur\u0103 gre\u0219eal\u0103 \u00een calculele dvs. \u0219i compania dvs. va fi amendat\u0103 cu suma cuprins\u0103 \u00eentre 1.500 \u0219i 3.000 de lei pentru fiecare angajat. Cu serviciile noastre de consultan\u021b\u0103 HR \u00een Rom\u00e2nia, noi ne ocup\u0103m de calcule, documenta\u021bie \u0219i comunicarea cu autorit\u0103\u021bile fiscale. Dvs. beneficia\u021bi de solu\u021bii gata preg\u0103tite \u00een domeniul resurselor umane \u0219i de lini\u0219te sufleteasc\u0103.[\/vc_column_text][\/vc_column][\/vc_row][vc_row css_animation=&#8221;fadeInUp&#8221;][vc_column][vc_column_text css_animation=&#8221;fadeInRight&#8221; css=&#8221;&#8221;]<\/p>\n<h2>De ce s\u0103 alege\u021bi serviciile FCHAIN HR \u00een Rom\u00e2nia pentru companii<\/h2>\n<p>FCHAIN activeaz\u0103 pe pia\u021ba rom\u00e2neasc\u0103 de peste 8 ani. \u00cen acest timp, am deservit un num\u0103r mare de companii, de la startup-uri cu 5 angaja\u021bi p\u00e2n\u0103 la corpora\u021bii cu peste 500 de angaja\u021bi. Serviciile noastre de resurse umane acoper\u0103 \u00eentregul ciclu de gestionare a personalului:<\/p>\n<ol class=\"ul-gray\">\n<li>Administrarea salariilor \u0219i a beneficiilor \u2013 calcul\u0103m salariile, impozitele (10% impozit pe venit), CAS (25%), CASS (10%), contribu\u021biile la fondul de \u0219omaj \u0219i asigurarea de accidente.<\/li>\n<li>Preg\u0103tim contractele de munc\u0103 \u00een forma aprobat\u0103 de Ministerul Muncii \u0219i Solidarit\u0103\u021bii Sociale din Rom\u00e2nia.<\/li>\n<li>\u021ainem eviden\u021ba orelor de lucru \u0219i a concediilor \u00een conformitate cu cerin\u021bele, minimum 20 de zile pe an.<\/li>\n<li>Depunem declara\u021biile la ANAF \u0219i la autorit\u0103\u021bile fiscale locale la timp.<\/li>\n<\/ol>\n<p>Asigur\u0103m conformitatea juridic\u0103 \u00een domeniul resurselor umane pentru companii din Bucure\u0219ti \u0219i din \u00eentreaga \u021bar\u0103. Acest lucru \u00eenseamn\u0103 c\u0103 nu ve\u021bi avea nicio reclama\u021bie \u00een timpul unei inspec\u021bii de munc\u0103.[\/vc_column_text][\/vc_column][\/vc_row][vc_row content_placement=&#8221;middle&#8221; css_animation=&#8221;fadeInUp&#8221;][vc_column width=&#8221;1\/2&#8243;][vc_column_text css_animation=&#8221;fadeInLeft&#8221; css=&#8221;&#8221;]<\/p>\n<h2>Resurse umane profesionale \u00een Rom\u00e2nia: solu\u021bii complete de recrutare \u0219i personal<\/h2>\n<p>Men\u021binerea unui specialist HR cu norm\u0103 \u00eentreag\u0103 \u00een Bucure\u0219ti cost\u0103 de la 4.000 de lei pe lun\u0103 plus taxe. Asta \u00eenseamn\u0103 aproximativ 6.000 de euro pe an numai pentru salariu. Externalizarea serviciilor de salarizare \u0219i resurse umane de la FCHAIN este mai ieftin\u0103 \u0219i beneficia\u021bi de o \u00eentreag\u0103 echip\u0103 de exper\u021bi. \u00cen plus, noii angaja\u021bi au nevoie de aproximativ 3 luni de integrare \u0219i formare. Cu externalizarea, fluctua\u021bia de personal se reduce cu 30\u201340%.[\/vc_column_text][\/vc_column][vc_column width=&#8221;1\/2&#8243;][vc_single_image image=&#8221;232&#8243; img_size=&#8221;full&#8221;][\/vc_column][\/vc_row][vc_row content_placement=&#8221;middle&#8221; css_animation=&#8221;fadeInUp&#8221;][vc_column width=&#8221;1\/2&#8243;][vc_single_image image=&#8221;956&#8243; img_size=&#8221;full&#8221;][\/vc_column][vc_column width=&#8221;1\/2&#8243;][vc_column_text css_animation=&#8221;fadeInRight&#8221; css=&#8221;&#8221;]<\/p>\n<h2>Servicii de management al angaja\u021bilor de la speciali\u0219ti cu experien\u021b\u0103 \u00een resurse umane<\/h2>\n<p>Productivitatea echipei afecteaz\u0103 \u00een mod direct profiturile. Serviciile noastre de resurse umane ajut\u0103 la construirea unui sistem de indicatori de performan\u021b\u0103 \u0219i motiva\u021bie adaptat mentalit\u0103\u021bii rom\u00e2ne\u0219ti. Cercet\u0103rile arat\u0103 c\u0103 un sistem de bonusuri adecvat cre\u0219te eficien\u021ba cu 25%.<\/p>\n<p>Externalizarea serviciilor de salarizare \u0219i resurse umane include asisten\u021b\u0103 complet\u0103. Calcul\u0103m nu numai pl\u0103\u021bile de baz\u0103, ci \u0219i bonusurile, compensa\u021biile, concediile medicale (\u00een Rom\u00e2nia, angajatorul pl\u0103te\u0219te pentru primele 5 zile) \u0219i indemniza\u021biile de concediu. Preg\u0103tim formularul 112 pentru fiecare angajat lunar. Depunem declara\u021bia D112 p\u00e2n\u0103 la data de 25 a lunii urm\u0103toare.[\/vc_column_text][\/vc_column][\/vc_row][vc_row][vc_column][vc_column_text css_animation=&#8221;fadeInUp&#8221; css=&#8221;&#8221;]<\/p>\n<h2>Recrutare \u0219i achizi\u021bie de talente pentru afacerea dvs.<\/h2>\n<p>Pute\u021bi g\u0103si un programator \u00een Bucure\u0219ti \u00eentr-o s\u0103pt\u0103m\u00e2n\u0103. Dar g\u0103sirea unui specialist \u00een logistic\u0103 \u00een Cluj-Napoca este o sarcin\u0103 mai dificil\u0103. Realiz\u0103m recrutarea \u0219i achizi\u021bia de talente \u021bin\u00e2nd cont de specificul regional \u0219i de nivelurile salariale pe regiuni.<\/p>\n<p>Externalizarea serviciilor de salarizare \u0219i resurse umane elibereaz\u0103 p\u00e2n\u0103 la 15 ore pe s\u0103pt\u0103m\u00e2n\u0103 pentru proprietar sau directorul financiar. Aceste solu\u021bii de resurse umane sunt deosebit de benefice pentru companiile care inten\u021bioneaz\u0103 s\u0103-\u0219i m\u0103reasc\u0103 personalul cu 20% sau mai mult pe an.[\/vc_column_text][\/vc_column][\/vc_row]<\/p>\n<\/div>","protected":false},"excerpt":{"rendered":"<p>[vc_row css_animation=&#8221;fadeInUp&#8221;][vc_column][vc_column_text css_animation=&#8221;fadeInDown&#8221; css=&#8221;&#8221;] Servicii profesionale de resurse umane \u00een Rom\u00e2nia pentru afaceri Ave\u021bi o afacere \u00een Rom\u00e2nia? Atunci \u0219ti\u021bi c\u0103 legisla\u021bia muncii se schimb\u0103 aproape \u00een fiecare an. Din 2025, salariul minim a crescut la 3.700 de lei, iar cotele de contribu\u021bii sociale pentru angajatori au ajuns la 22,75%. O singur\u0103 gre\u0219eal\u0103 \u00een calculele<\/p>\n","protected":false},"author":2,"featured_media":0,"parent":0,"menu_order":0,"comment_status":"closed","ping_status":"closed","template":"","meta":{"_acf_changed":false,"footnotes":""},"class_list":["post-19087","page","type-page","status-publish","hentry"],"acf":[],"yoast_head":"<!-- This site is optimized with the Yoast SEO plugin v27.0 - https:\/\/yoast.com\/product\/yoast-seo-wordpress\/ -->\n<title>Servicii HR \u00een Rom\u00e2nia<\/title>\n<meta name=\"description\" content=\"FCHAIN \u200b\u200beste un furnizor important de servicii de resurse umane \u00een Rom\u00e2nia \u0219i de externalizare a proceselor de business la nivel mondial. Oferim servicii de selec\u021bie de personal pentru afacerea dumneavoastr\u0103.\" \/>\n<meta name=\"robots\" content=\"noindex, follow, max-snippet:-1, max-image-preview:large, max-video-preview:-1\" \/>\n<meta property=\"og:locale\" content=\"ro_RO\" \/>\n<meta property=\"og:type\" content=\"article\" \/>\n<meta property=\"og:title\" content=\"Servicii HR \u00een Rom\u00e2nia\" \/>\n<meta property=\"og:description\" content=\"FCHAIN \u200b\u200beste un furnizor important de servicii de resurse umane \u00een Rom\u00e2nia \u0219i de externalizare a proceselor de business la nivel mondial. Oferim servicii de selec\u021bie de personal pentru afacerea dumneavoastr\u0103.\" \/>\n<meta property=\"og:url\" content=\"https:\/\/ro.f-chain.com\/ro\/hr-services\/\" \/>\n<meta property=\"og:site_name\" content=\"Fchain\" \/>\n<meta property=\"article:modified_time\" content=\"2026-03-09T10:45:43+00:00\" \/>\n<meta name=\"twitter:card\" content=\"summary_large_image\" \/>\n<meta name=\"twitter:label1\" content=\"Timp estimat pentru citire\" \/>\n\t<meta name=\"twitter:data1\" content=\"3 minute\" \/>\n<script type=\"application\/ld+json\" class=\"yoast-schema-graph\">{\"@context\":\"https:\/\/schema.org\",\"@graph\":[{\"@type\":\"WebPage\",\"@id\":\"https:\/\/ro.f-chain.com\/ro\/hr-services\/\",\"url\":\"https:\/\/ro.f-chain.com\/ro\/hr-services\/\",\"name\":\"Servicii HR \u00een Rom\u00e2nia\",\"isPartOf\":{\"@id\":\"https:\/\/ro.f-chain.com\/#website\"},\"datePublished\":\"2026-02-28T11:53:00+00:00\",\"dateModified\":\"2026-03-09T10:45:43+00:00\",\"description\":\"FCHAIN \u200b\u200beste un furnizor important de servicii de resurse umane \u00een Rom\u00e2nia \u0219i de externalizare a proceselor de business la nivel mondial. Oferim servicii de selec\u021bie de personal pentru afacerea dumneavoastr\u0103.\",\"breadcrumb\":{\"@id\":\"https:\/\/ro.f-chain.com\/ro\/hr-services\/#breadcrumb\"},\"inLanguage\":\"ro-RO\",\"potentialAction\":[{\"@type\":\"ReadAction\",\"target\":[\"https:\/\/ro.f-chain.com\/ro\/hr-services\/\"]}]},{\"@type\":\"BreadcrumbList\",\"@id\":\"https:\/\/ro.f-chain.com\/ro\/hr-services\/#breadcrumb\",\"itemListElement\":[{\"@type\":\"ListItem\",\"position\":1,\"name\":\"Home\",\"item\":\"https:\/\/ro.f-chain.com\/ro\/\"},{\"@type\":\"ListItem\",\"position\":2,\"name\":\"HR Services\"}]},{\"@type\":\"WebSite\",\"@id\":\"https:\/\/ro.f-chain.com\/#website\",\"url\":\"https:\/\/ro.f-chain.com\/\",\"name\":\"Fchain\",\"description\":\"\",\"potentialAction\":[{\"@type\":\"SearchAction\",\"target\":{\"@type\":\"EntryPoint\",\"urlTemplate\":\"https:\/\/ro.f-chain.com\/?s={search_term_string}\"},\"query-input\":{\"@type\":\"PropertyValueSpecification\",\"valueRequired\":true,\"valueName\":\"search_term_string\"}}],\"inLanguage\":\"ro-RO\"}]}<\/script>\n<!-- \/ Yoast SEO plugin. -->","yoast_head_json":{"title":"Servicii HR \u00een Rom\u00e2nia","description":"FCHAIN \u200b\u200beste un furnizor important de servicii de resurse umane \u00een Rom\u00e2nia \u0219i de externalizare a proceselor de business la nivel mondial. Oferim servicii de selec\u021bie de personal pentru afacerea dumneavoastr\u0103.","robots":{"index":"noindex","follow":"follow","max-snippet":"max-snippet:-1","max-image-preview":"max-image-preview:large","max-video-preview":"max-video-preview:-1"},"og_locale":"ro_RO","og_type":"article","og_title":"Servicii HR \u00een Rom\u00e2nia","og_description":"FCHAIN \u200b\u200beste un furnizor important de servicii de resurse umane \u00een Rom\u00e2nia \u0219i de externalizare a proceselor de business la nivel mondial. Oferim servicii de selec\u021bie de personal pentru afacerea dumneavoastr\u0103.","og_url":"https:\/\/ro.f-chain.com\/ro\/hr-services\/","og_site_name":"Fchain","article_modified_time":"2026-03-09T10:45:43+00:00","twitter_card":"summary_large_image","twitter_misc":{"Timp estimat pentru citire":"3 minute"},"schema":{"@context":"https:\/\/schema.org","@graph":[{"@type":"WebPage","@id":"https:\/\/ro.f-chain.com\/ro\/hr-services\/","url":"https:\/\/ro.f-chain.com\/ro\/hr-services\/","name":"Servicii HR \u00een Rom\u00e2nia","isPartOf":{"@id":"https:\/\/ro.f-chain.com\/#website"},"datePublished":"2026-02-28T11:53:00+00:00","dateModified":"2026-03-09T10:45:43+00:00","description":"FCHAIN \u200b\u200beste un furnizor important de servicii de resurse umane \u00een Rom\u00e2nia \u0219i de externalizare a proceselor de business la nivel mondial. Oferim servicii de selec\u021bie de personal pentru afacerea dumneavoastr\u0103.","breadcrumb":{"@id":"https:\/\/ro.f-chain.com\/ro\/hr-services\/#breadcrumb"},"inLanguage":"ro-RO","potentialAction":[{"@type":"ReadAction","target":["https:\/\/ro.f-chain.com\/ro\/hr-services\/"]}]},{"@type":"BreadcrumbList","@id":"https:\/\/ro.f-chain.com\/ro\/hr-services\/#breadcrumb","itemListElement":[{"@type":"ListItem","position":1,"name":"Home","item":"https:\/\/ro.f-chain.com\/ro\/"},{"@type":"ListItem","position":2,"name":"HR Services"}]},{"@type":"WebSite","@id":"https:\/\/ro.f-chain.com\/#website","url":"https:\/\/ro.f-chain.com\/","name":"Fchain","description":"","potentialAction":[{"@type":"SearchAction","target":{"@type":"EntryPoint","urlTemplate":"https:\/\/ro.f-chain.com\/?s={search_term_string}"},"query-input":{"@type":"PropertyValueSpecification","valueRequired":true,"valueName":"search_term_string"}}],"inLanguage":"ro-RO"}]}},"_links":{"self":[{"href":"https:\/\/ro.f-chain.com\/ro\/wp-json\/wp\/v2\/pages\/19087","targetHints":{"allow":["GET"]}}],"collection":[{"href":"https:\/\/ro.f-chain.com\/ro\/wp-json\/wp\/v2\/pages"}],"about":[{"href":"https:\/\/ro.f-chain.com\/ro\/wp-json\/wp\/v2\/types\/page"}],"author":[{"embeddable":true,"href":"https:\/\/ro.f-chain.com\/ro\/wp-json\/wp\/v2\/users\/2"}],"replies":[{"embeddable":true,"href":"https:\/\/ro.f-chain.com\/ro\/wp-json\/wp\/v2\/comments?post=19087"}],"version-history":[{"count":3,"href":"https:\/\/ro.f-chain.com\/ro\/wp-json\/wp\/v2\/pages\/19087\/revisions"}],"predecessor-version":[{"id":19090,"href":"https:\/\/ro.f-chain.com\/ro\/wp-json\/wp\/v2\/pages\/19087\/revisions\/19090"}],"wp:attachment":[{"href":"https:\/\/ro.f-chain.com\/ro\/wp-json\/wp\/v2\/media?parent=19087"}],"curies":[{"name":"wp","href":"https:\/\/api.w.org\/{rel}","templated":true}]}}