{"id":19080,"date":"2026-03-02T00:49:54","date_gmt":"2026-03-01T21:49:54","guid":{"rendered":"https:\/\/ro.f-chain.com\/execution-and-edit-of-contracts\/"},"modified":"2026-03-10T04:03:01","modified_gmt":"2026-03-10T01:03:01","slug":"execution-and-edit-of-contracts","status":"publish","type":"page","link":"https:\/\/ro.f-chain.com\/ro\/execution-and-edit-of-contracts\/","title":{"rendered":"Preg\u0103tirea contractelor comerciale"},"content":{"rendered":"<div class=\"wpb-content-wrapper\"><p>[vc_row css_animation=&#8221;fadeInUp&#8221;][vc_column][vc_column_text css_animation=&#8221;fadeInDown&#8221; css=&#8221;&#8221;]<\/p>\n<h2>\u00cenfiin\u021barea unei companii \u00een Rom\u00e2nia: caracteristici \u0219i avantaje ale \u00eenfiin\u021b\u0103rii unei afaceri \u00een aceast\u0103 \u021bar\u0103<\/h2>\n<p>Procesul de \u00eenfiin\u021bare a unei companii dureaz\u0103 \u00eentre 3 \u0219i 10 zile lucr\u0103toare, cu setul corect de documente. Este important s\u0103 se pun\u0103 imediat bazele solide ale acordurilor pentru <i>a asigura conformitatea legal\u0103 \u00een acordurile comerciale<\/i> \u0219i pentru a proteja afacerea.<\/p>\n<p>SRL este adesea aleas\u0103 datorit\u0103 cerin\u021belor minime de capital \u0219i simplit\u0103\u021bii sale. \u00cen timpul \u00eenfiin\u021b\u0103rii companiei, actul constitutiv \u0219i documentele interne sunt preg\u0103tite cu aten\u021bie. Aceast\u0103 abordare face procesul mai sigur.[\/vc_column_text][\/vc_column][\/vc_row][vc_row content_placement=&#8221;middle&#8221; css_animation=&#8221;fadeInUp&#8221;][vc_column width=&#8221;1\/2&#8243;][vc_column_text css_animation=&#8221;fadeInLeft&#8221; css=&#8221;&#8221;]<\/p>\n<h2>Preg\u0103tirea contractelor comerciale pentru lansarea cu succes a unei companii<\/h2>\n<p>Preg\u0103tirea corespunz\u0103toare a documentelor necesare pune bazele parteneriatelor. Modelele iau \u00een considerare reglement\u0103rile UE privind transparen\u021ba \u0219i protec\u021bia datelor. <i>Redactarea contractelor de c\u0103tre exper\u021bi \u0219i revizuirea juridic\u0103<\/i> asigur\u0103 claritatea termenilor \u0219i condi\u021biilor.<\/p>\n<p>Procesul de constituire a companiei include prevederi privind <i>negocierea \u0219i executarea contractelor corporative<\/i>, precum \u0219i solu\u021bionarea litigiilor. Un specialist cu experien\u021b\u0103 v\u0103 poate sf\u0103tui cu privire la <i>modul de redactare a unui contract legal<\/i>. <i>Redactarea unor acorduri comerciale clare \u0219i eficiente<\/i> spore\u0219te \u00eencrederea tuturor p\u0103r\u021bilor la contract.<\/p>\n<p>Recomand\u0103ri pentru preg\u0103tire:<\/p>\n<ol class=\"ul-gray\">\n<li>Specifica\u021bi obiectul \u0219i termenii de \u00eendeplinire a obliga\u021biilor.<\/li>\n<li>Asigura\u021bi-v\u0103 c\u0103 ad\u0103uga\u021bi sec\u021biuni privind for\u021ba major\u0103 \u0219i r\u0103spunderea p\u0103r\u021bilor pentru \u00eenc\u0103lc\u0103ri.<\/li>\n<li>Acorda\u021bi aten\u021bie verific\u0103rii minu\u021bioase a documentelor pentru <i>a evita capcanele contractuale obi\u0219nuite<\/i>.<\/li>\n<li>\u00cenainte de semnare, este obligatoriu s\u0103 <i>revizui\u021bi contractele comerciale<\/i> \u0219i s\u0103 efectua\u021bi o analiz\u0103 aprofundat\u0103.<\/li>\n<\/ol>\n<p>Respectarea acestor principii reduce semnificativ riscurile \u00een etapa de lansare \u0219i creeaz\u0103 o baz\u0103 solid\u0103 pentru \u00eencheierea contractelor, cu scopul de a asigura cre\u0219terea \u00een continuare a companiei. Cea mai bun\u0103 op\u021biune este s\u0103 solicita\u021bi servicii juridice de contractare din partea avoca\u021bilor.[\/vc_column_text][\/vc_column][vc_column width=&#8221;1\/2&#8243;][vc_single_image image=&#8221;19082&#8243; img_size=&#8221;full&#8221;][\/vc_column][\/vc_row][vc_row content_placement=&#8221;middle&#8221; css_animation=&#8221;fadeInUp&#8221;][vc_column width=&#8221;1\/2&#8243;][vc_single_image image=&#8221;19081&#8243; img_size=&#8221;full&#8221;][\/vc_column][vc_column width=&#8221;1\/2&#8243;][vc_column_text css_animation=&#8221;fadeInRight&#8221; css=&#8221;&#8221;]<\/p>\n<h2>Executarea contractelor cu FCHAIN: asisten\u021b\u0103 profesional\u0103 \u0219i monitorizarea performan\u021bei<\/h2>\n<p>FCHAIN asigur\u0103 \u00eendeplinirea obliga\u021biilor contractuale prin monitorizarea termenelor, pl\u0103\u021bilor \u0219i obliga\u021biilor. Executarea precis\u0103 a contractului previne \u00eent\u00e2rzierile \u0219i conflictele. \u00cen timpul constituirii companiei, <i>executarea contractului \u0219i gestionarea riscurilor<\/i> minimizeaz\u0103 ne\u00een\u021belegerile \u0219i poten\u021bialele probleme. FCHAIN garanteaz\u0103 <i>asigurarea conformit\u0103\u021bii contractului<\/i>, iar executarea contractului se desf\u0103\u0219oar\u0103 f\u0103r\u0103 probleme.<\/p>\n<h2>Consultan\u021b\u0103 juridic\u0103 \u00een materie de contracte: oportunit\u0103\u021bi \u0219i avantaje pentru afaceri<\/h2>\n<p><i>Consultan\u021ba juridic\u0103 \u00een materie de contracte<\/i> v\u0103 permite s\u0103 negocia\u021bi cu \u00eencredere. \u00cen etapa de constituire a companiei, vulnerabilit\u0103\u021bile sunt identificate \u00een avans. <i>Revizuirea \u0219i editarea contractelor comerciale<\/i> de c\u0103tre profesioni\u0219ti \u00eenainte de \u00eencheierea contractului garanteaz\u0103 protejarea intereselor. Serviciile de drept contractual includ o analiz\u0103 extins\u0103 a tranzac\u021biilor.<\/p>\n<p>Serviciile juridice contractuale sunt valoroase atunci c\u00e2nd se lucreaz\u0103 cu parteneri din UE \u0219i, \u00een special, la \u00eencheierea contractelor \u00een Rom\u00e2nia. Cei <i>mai buni avoca\u021bi specializa\u021bi \u00een drept contractual<\/i> ajut\u0103 la evitarea gre\u0219elilor \u00een procesul de constituire a companiei. Prin urmare, serviciile de drept contractual sunt o garan\u021bie pentru evitarea gre\u0219elilor. Serviciile juridice contractuale consolideaz\u0103 stabilitatea pozi\u021biei companiei.[\/vc_column_text][\/vc_column][\/vc_row][vc_row css_animation=&#8221;fadeInUp&#8221;][vc_column][vc_column_text css_animation=&#8221;fadeInUp&#8221; css=&#8221;&#8221;]<\/p>\n<h2>Editarea \u0219i modificarea contractelor: o serie de oportunit\u0103\u021bi pentru companii<\/h2>\n<p>Dac\u0103 termenii de cooperare sau formatul firmei se modific\u0103, astfel de servicii sunt adesea necesare. <i>Elementele cheie ale unui contract cu for\u021b\u0103 juridic\u0103 obligatorie<\/i> sunt \u00eentotdeauna luate \u00een considerare la preg\u0103tirea modific\u0103rilor. \u00cenfiin\u021barea unei companii \u00een Rom\u00e2nia necesit\u0103 aten\u021bie la detalii.<\/p>\n<p>\u00cenfiin\u021barea contractului pune bazele solide pentru succes, iar \u00eenfiin\u021barea unei firme cu sprijin contractual cuprinz\u0103tor \u0219i control asupra execut\u0103rii contractului ofer\u0103 un \u00eenceput fiabil \u0219i sigur pentru orice afacere \u00een aceast\u0103 \u021bar\u0103.[\/vc_column_text][\/vc_column][\/vc_row]<\/p>\n<\/div>","protected":false},"excerpt":{"rendered":"<p>[vc_row css_animation=&#8221;fadeInUp&#8221;][vc_column][vc_column_text css_animation=&#8221;fadeInDown&#8221; css=&#8221;&#8221;] \u00cenfiin\u021barea unei companii \u00een Rom\u00e2nia: caracteristici \u0219i avantaje ale \u00eenfiin\u021b\u0103rii unei afaceri \u00een aceast\u0103 \u021bar\u0103 Procesul de \u00eenfiin\u021bare a unei companii dureaz\u0103 \u00eentre 3 \u0219i 10 zile lucr\u0103toare, cu setul corect de documente. Este important s\u0103 se pun\u0103 imediat bazele solide ale acordurilor pentru a asigura conformitatea legal\u0103 \u00een acordurile comerciale<\/p>\n","protected":false},"author":2,"featured_media":0,"parent":0,"menu_order":0,"comment_status":"closed","ping_status":"closed","template":"","meta":{"_acf_changed":false,"footnotes":""},"class_list":["post-19080","page","type-page","status-publish","hentry"],"acf":[],"yoast_head":"<!-- This site is optimized with the Yoast SEO plugin v27.0 - https:\/\/yoast.com\/product\/yoast-seo-wordpress\/ -->\n<title>Redactare \u0219i Revizuire Contracte \u00een Rom\u00e2nia - FCHAIN<\/title>\n<meta name=\"description\" content=\"La redactarea unui contract, este important s\u0103 se ia \u00een considerare toate riscurile posibile, s\u0103 se \u00eentocmeasc\u0103 \u00een mod corespunz\u0103tor, \u00een conformitate cu reglement\u0103rile legale. Compania noastr\u0103 garanteaz\u0103 un nivel \u00eenalt al contractelor dumneavoastr\u0103.\" \/>\n<meta name=\"robots\" content=\"noindex, follow, max-snippet:-1, max-image-preview:large, max-video-preview:-1\" \/>\n<meta property=\"og:locale\" content=\"ro_RO\" \/>\n<meta property=\"og:type\" content=\"article\" \/>\n<meta property=\"og:title\" content=\"Redactare \u0219i Revizuire Contracte \u00een Rom\u00e2nia - FCHAIN\" \/>\n<meta property=\"og:description\" content=\"La redactarea unui contract, este important s\u0103 se ia \u00een considerare toate riscurile posibile, s\u0103 se \u00eentocmeasc\u0103 \u00een mod corespunz\u0103tor, \u00een conformitate cu reglement\u0103rile legale. Compania noastr\u0103 garanteaz\u0103 un nivel \u00eenalt al contractelor dumneavoastr\u0103.\" \/>\n<meta property=\"og:url\" content=\"https:\/\/ro.f-chain.com\/ro\/execution-and-edit-of-contracts\/\" \/>\n<meta property=\"og:site_name\" content=\"Fchain\" \/>\n<meta property=\"article:modified_time\" content=\"2026-03-10T01:03:01+00:00\" \/>\n<meta name=\"twitter:card\" content=\"summary_large_image\" \/>\n<meta name=\"twitter:label1\" content=\"Timp estimat pentru citire\" \/>\n\t<meta name=\"twitter:data1\" content=\"3 minute\" \/>\n<script type=\"application\/ld+json\" class=\"yoast-schema-graph\">{\"@context\":\"https:\/\/schema.org\",\"@graph\":[{\"@type\":\"WebPage\",\"@id\":\"https:\/\/ro.f-chain.com\/ro\/execution-and-edit-of-contracts\/\",\"url\":\"https:\/\/ro.f-chain.com\/ro\/execution-and-edit-of-contracts\/\",\"name\":\"Redactare \u0219i Revizuire Contracte \u00een Rom\u00e2nia - FCHAIN\",\"isPartOf\":{\"@id\":\"https:\/\/ro.f-chain.com\/#website\"},\"datePublished\":\"2026-03-01T21:49:54+00:00\",\"dateModified\":\"2026-03-10T01:03:01+00:00\",\"description\":\"La redactarea unui contract, este important s\u0103 se ia \u00een considerare toate riscurile posibile, s\u0103 se \u00eentocmeasc\u0103 \u00een mod corespunz\u0103tor, \u00een conformitate cu reglement\u0103rile legale. Compania noastr\u0103 garanteaz\u0103 un nivel \u00eenalt al contractelor dumneavoastr\u0103.\",\"breadcrumb\":{\"@id\":\"https:\/\/ro.f-chain.com\/ro\/execution-and-edit-of-contracts\/#breadcrumb\"},\"inLanguage\":\"ro-RO\",\"potentialAction\":[{\"@type\":\"ReadAction\",\"target\":[\"https:\/\/ro.f-chain.com\/ro\/execution-and-edit-of-contracts\/\"]}]},{\"@type\":\"BreadcrumbList\",\"@id\":\"https:\/\/ro.f-chain.com\/ro\/execution-and-edit-of-contracts\/#breadcrumb\",\"itemListElement\":[{\"@type\":\"ListItem\",\"position\":1,\"name\":\"Home\",\"item\":\"https:\/\/ro.f-chain.com\/ro\/\"},{\"@type\":\"ListItem\",\"position\":2,\"name\":\"Preg\u0103tirea contractelor comerciale\"}]},{\"@type\":\"WebSite\",\"@id\":\"https:\/\/ro.f-chain.com\/#website\",\"url\":\"https:\/\/ro.f-chain.com\/\",\"name\":\"Fchain\",\"description\":\"\",\"potentialAction\":[{\"@type\":\"SearchAction\",\"target\":{\"@type\":\"EntryPoint\",\"urlTemplate\":\"https:\/\/ro.f-chain.com\/?s={search_term_string}\"},\"query-input\":{\"@type\":\"PropertyValueSpecification\",\"valueRequired\":true,\"valueName\":\"search_term_string\"}}],\"inLanguage\":\"ro-RO\"}]}<\/script>\n<!-- \/ Yoast SEO plugin. -->","yoast_head_json":{"title":"Redactare \u0219i Revizuire Contracte \u00een Rom\u00e2nia - FCHAIN","description":"La redactarea unui contract, este important s\u0103 se ia \u00een considerare toate riscurile posibile, s\u0103 se \u00eentocmeasc\u0103 \u00een mod corespunz\u0103tor, \u00een conformitate cu reglement\u0103rile legale. Compania noastr\u0103 garanteaz\u0103 un nivel \u00eenalt al contractelor dumneavoastr\u0103.","robots":{"index":"noindex","follow":"follow","max-snippet":"max-snippet:-1","max-image-preview":"max-image-preview:large","max-video-preview":"max-video-preview:-1"},"og_locale":"ro_RO","og_type":"article","og_title":"Redactare \u0219i Revizuire Contracte \u00een Rom\u00e2nia - FCHAIN","og_description":"La redactarea unui contract, este important s\u0103 se ia \u00een considerare toate riscurile posibile, s\u0103 se \u00eentocmeasc\u0103 \u00een mod corespunz\u0103tor, \u00een conformitate cu reglement\u0103rile legale. Compania noastr\u0103 garanteaz\u0103 un nivel \u00eenalt al contractelor dumneavoastr\u0103.","og_url":"https:\/\/ro.f-chain.com\/ro\/execution-and-edit-of-contracts\/","og_site_name":"Fchain","article_modified_time":"2026-03-10T01:03:01+00:00","twitter_card":"summary_large_image","twitter_misc":{"Timp estimat pentru citire":"3 minute"},"schema":{"@context":"https:\/\/schema.org","@graph":[{"@type":"WebPage","@id":"https:\/\/ro.f-chain.com\/ro\/execution-and-edit-of-contracts\/","url":"https:\/\/ro.f-chain.com\/ro\/execution-and-edit-of-contracts\/","name":"Redactare \u0219i Revizuire Contracte \u00een Rom\u00e2nia - FCHAIN","isPartOf":{"@id":"https:\/\/ro.f-chain.com\/#website"},"datePublished":"2026-03-01T21:49:54+00:00","dateModified":"2026-03-10T01:03:01+00:00","description":"La redactarea unui contract, este important s\u0103 se ia \u00een considerare toate riscurile posibile, s\u0103 se \u00eentocmeasc\u0103 \u00een mod corespunz\u0103tor, \u00een conformitate cu reglement\u0103rile legale. Compania noastr\u0103 garanteaz\u0103 un nivel \u00eenalt al contractelor dumneavoastr\u0103.","breadcrumb":{"@id":"https:\/\/ro.f-chain.com\/ro\/execution-and-edit-of-contracts\/#breadcrumb"},"inLanguage":"ro-RO","potentialAction":[{"@type":"ReadAction","target":["https:\/\/ro.f-chain.com\/ro\/execution-and-edit-of-contracts\/"]}]},{"@type":"BreadcrumbList","@id":"https:\/\/ro.f-chain.com\/ro\/execution-and-edit-of-contracts\/#breadcrumb","itemListElement":[{"@type":"ListItem","position":1,"name":"Home","item":"https:\/\/ro.f-chain.com\/ro\/"},{"@type":"ListItem","position":2,"name":"Preg\u0103tirea contractelor comerciale"}]},{"@type":"WebSite","@id":"https:\/\/ro.f-chain.com\/#website","url":"https:\/\/ro.f-chain.com\/","name":"Fchain","description":"","potentialAction":[{"@type":"SearchAction","target":{"@type":"EntryPoint","urlTemplate":"https:\/\/ro.f-chain.com\/?s={search_term_string}"},"query-input":{"@type":"PropertyValueSpecification","valueRequired":true,"valueName":"search_term_string"}}],"inLanguage":"ro-RO"}]}},"_links":{"self":[{"href":"https:\/\/ro.f-chain.com\/ro\/wp-json\/wp\/v2\/pages\/19080","targetHints":{"allow":["GET"]}}],"collection":[{"href":"https:\/\/ro.f-chain.com\/ro\/wp-json\/wp\/v2\/pages"}],"about":[{"href":"https:\/\/ro.f-chain.com\/ro\/wp-json\/wp\/v2\/types\/page"}],"author":[{"embeddable":true,"href":"https:\/\/ro.f-chain.com\/ro\/wp-json\/wp\/v2\/users\/2"}],"replies":[{"embeddable":true,"href":"https:\/\/ro.f-chain.com\/ro\/wp-json\/wp\/v2\/comments?post=19080"}],"version-history":[{"count":4,"href":"https:\/\/ro.f-chain.com\/ro\/wp-json\/wp\/v2\/pages\/19080\/revisions"}],"predecessor-version":[{"id":19086,"href":"https:\/\/ro.f-chain.com\/ro\/wp-json\/wp\/v2\/pages\/19080\/revisions\/19086"}],"wp:attachment":[{"href":"https:\/\/ro.f-chain.com\/ro\/wp-json\/wp\/v2\/media?parent=19080"}],"curies":[{"name":"wp","href":"https:\/\/api.w.org\/{rel}","templated":true}]}}