{"id":18985,"date":"2026-03-02T00:10:45","date_gmt":"2026-03-01T21:10:45","guid":{"rendered":"https:\/\/ro.f-chain.com\/home\/"},"modified":"2026-03-10T04:16:46","modified_gmt":"2026-03-10T01:16:46","slug":"home","status":"publish","type":"page","link":"https:\/\/ro.f-chain.com\/ro\/","title":{"rendered":"Home"},"content":{"rendered":"","protected":false},"excerpt":{"rendered":"","protected":false},"author":2,"featured_media":0,"parent":0,"menu_order":0,"comment_status":"closed","ping_status":"closed","template":"page-main.php","meta":{"_acf_changed":false,"footnotes":""},"class_list":["post-18985","page","type-page","status-publish","hentry"],"acf":[],"yoast_head":"<!-- This site is optimized with the Yoast SEO plugin v27.0 - https:\/\/yoast.com\/product\/yoast-seo-wordpress\/ -->\n<title>Servicii de consultanta in Romania - FCHAIN<\/title>\n<meta name=\"description\" content=\"Servicii de consultan\u021b\u0103 \u00een Rom\u00e2nia\u2b50\ufe0f asisten\u021b\u0103 eficient\u0103 pentru afacerea dumneavoastr\u0103. Consultan\u021b\u0103 financiar\u0103 \u0219i managerial\u0103, externalizare \u0219i asisten\u021b\u0103 contabil\u0103\" \/>\n<meta name=\"robots\" content=\"noindex, follow, max-snippet:-1, max-image-preview:large, max-video-preview:-1\" \/>\n<meta property=\"og:locale\" content=\"ro_RO\" \/>\n<meta property=\"og:type\" content=\"article\" \/>\n<meta property=\"og:title\" content=\"Servicii de consultanta in Romania - FCHAIN\" \/>\n<meta property=\"og:description\" content=\"Servicii de consultan\u021b\u0103 \u00een Rom\u00e2nia\u2b50\ufe0f asisten\u021b\u0103 eficient\u0103 pentru afacerea dumneavoastr\u0103. Consultan\u021b\u0103 financiar\u0103 \u0219i managerial\u0103, externalizare \u0219i asisten\u021b\u0103 contabil\u0103\" \/>\n<meta property=\"og:url\" content=\"https:\/\/ro.f-chain.com\/ro\/\" \/>\n<meta property=\"og:site_name\" content=\"Fchain\" \/>\n<meta property=\"article:modified_time\" content=\"2026-03-10T01:16:46+00:00\" \/>\n<meta name=\"twitter:card\" content=\"summary_large_image\" \/>\n<script type=\"application\/ld+json\" class=\"yoast-schema-graph\">{\"@context\":\"https:\/\/schema.org\",\"@graph\":[{\"@type\":\"WebPage\",\"@id\":\"https:\/\/ro.f-chain.com\/ro\/\",\"url\":\"https:\/\/ro.f-chain.com\/ro\/\",\"name\":\"Servicii de consultanta in Romania - FCHAIN\",\"isPartOf\":{\"@id\":\"https:\/\/ro.f-chain.com\/#website\"},\"datePublished\":\"2026-03-01T21:10:45+00:00\",\"dateModified\":\"2026-03-10T01:16:46+00:00\",\"description\":\"Servicii de consultan\u021b\u0103 \u00een Rom\u00e2nia\u2b50\ufe0f asisten\u021b\u0103 eficient\u0103 pentru afacerea dumneavoastr\u0103. Consultan\u021b\u0103 financiar\u0103 \u0219i managerial\u0103, externalizare \u0219i asisten\u021b\u0103 contabil\u0103\",\"breadcrumb\":{\"@id\":\"https:\/\/ro.f-chain.com\/ro\/#breadcrumb\"},\"inLanguage\":\"ro-RO\",\"potentialAction\":[{\"@type\":\"ReadAction\",\"target\":[\"https:\/\/ro.f-chain.com\/ro\/\"]}]},{\"@type\":\"BreadcrumbList\",\"@id\":\"https:\/\/ro.f-chain.com\/ro\/#breadcrumb\",\"itemListElement\":[{\"@type\":\"ListItem\",\"position\":1,\"name\":\"Home\",\"item\":\"https:\/\/ro.f-chain.com\/ro\/\"},{\"@type\":\"ListItem\",\"position\":2,\"name\":\"Home\"}]},{\"@type\":\"WebSite\",\"@id\":\"https:\/\/ro.f-chain.com\/#website\",\"url\":\"https:\/\/ro.f-chain.com\/\",\"name\":\"Fchain\",\"description\":\"\",\"potentialAction\":[{\"@type\":\"SearchAction\",\"target\":{\"@type\":\"EntryPoint\",\"urlTemplate\":\"https:\/\/ro.f-chain.com\/?s={search_term_string}\"},\"query-input\":{\"@type\":\"PropertyValueSpecification\",\"valueRequired\":true,\"valueName\":\"search_term_string\"}}],\"inLanguage\":\"ro-RO\"}]}<\/script>\n<!-- \/ Yoast SEO plugin. -->","yoast_head_json":{"title":"Servicii de consultanta in Romania - FCHAIN","description":"Servicii de consultan\u021b\u0103 \u00een Rom\u00e2nia\u2b50\ufe0f asisten\u021b\u0103 eficient\u0103 pentru afacerea dumneavoastr\u0103. Consultan\u021b\u0103 financiar\u0103 \u0219i managerial\u0103, externalizare \u0219i asisten\u021b\u0103 contabil\u0103","robots":{"index":"noindex","follow":"follow","max-snippet":"max-snippet:-1","max-image-preview":"max-image-preview:large","max-video-preview":"max-video-preview:-1"},"og_locale":"ro_RO","og_type":"article","og_title":"Servicii de consultanta in Romania - FCHAIN","og_description":"Servicii de consultan\u021b\u0103 \u00een Rom\u00e2nia\u2b50\ufe0f asisten\u021b\u0103 eficient\u0103 pentru afacerea dumneavoastr\u0103. Consultan\u021b\u0103 financiar\u0103 \u0219i managerial\u0103, externalizare \u0219i asisten\u021b\u0103 contabil\u0103","og_url":"https:\/\/ro.f-chain.com\/ro\/","og_site_name":"Fchain","article_modified_time":"2026-03-10T01:16:46+00:00","twitter_card":"summary_large_image","schema":{"@context":"https:\/\/schema.org","@graph":[{"@type":"WebPage","@id":"https:\/\/ro.f-chain.com\/ro\/","url":"https:\/\/ro.f-chain.com\/ro\/","name":"Servicii de consultanta in Romania - FCHAIN","isPartOf":{"@id":"https:\/\/ro.f-chain.com\/#website"},"datePublished":"2026-03-01T21:10:45+00:00","dateModified":"2026-03-10T01:16:46+00:00","description":"Servicii de consultan\u021b\u0103 \u00een Rom\u00e2nia\u2b50\ufe0f asisten\u021b\u0103 eficient\u0103 pentru afacerea dumneavoastr\u0103. Consultan\u021b\u0103 financiar\u0103 \u0219i managerial\u0103, externalizare \u0219i asisten\u021b\u0103 contabil\u0103","breadcrumb":{"@id":"https:\/\/ro.f-chain.com\/ro\/#breadcrumb"},"inLanguage":"ro-RO","potentialAction":[{"@type":"ReadAction","target":["https:\/\/ro.f-chain.com\/ro\/"]}]},{"@type":"BreadcrumbList","@id":"https:\/\/ro.f-chain.com\/ro\/#breadcrumb","itemListElement":[{"@type":"ListItem","position":1,"name":"Home","item":"https:\/\/ro.f-chain.com\/ro\/"},{"@type":"ListItem","position":2,"name":"Home"}]},{"@type":"WebSite","@id":"https:\/\/ro.f-chain.com\/#website","url":"https:\/\/ro.f-chain.com\/","name":"Fchain","description":"","potentialAction":[{"@type":"SearchAction","target":{"@type":"EntryPoint","urlTemplate":"https:\/\/ro.f-chain.com\/?s={search_term_string}"},"query-input":{"@type":"PropertyValueSpecification","valueRequired":true,"valueName":"search_term_string"}}],"inLanguage":"ro-RO"}]}},"_links":{"self":[{"href":"https:\/\/ro.f-chain.com\/ro\/wp-json\/wp\/v2\/pages\/18985","targetHints":{"allow":["GET"]}}],"collection":[{"href":"https:\/\/ro.f-chain.com\/ro\/wp-json\/wp\/v2\/pages"}],"about":[{"href":"https:\/\/ro.f-chain.com\/ro\/wp-json\/wp\/v2\/types\/page"}],"author":[{"embeddable":true,"href":"https:\/\/ro.f-chain.com\/ro\/wp-json\/wp\/v2\/users\/2"}],"replies":[{"embeddable":true,"href":"https:\/\/ro.f-chain.com\/ro\/wp-json\/wp\/v2\/comments?post=18985"}],"version-history":[{"count":1,"href":"https:\/\/ro.f-chain.com\/ro\/wp-json\/wp\/v2\/pages\/18985\/revisions"}],"predecessor-version":[{"id":18987,"href":"https:\/\/ro.f-chain.com\/ro\/wp-json\/wp\/v2\/pages\/18985\/revisions\/18987"}],"wp:attachment":[{"href":"https:\/\/ro.f-chain.com\/ro\/wp-json\/wp\/v2\/media?parent=18985"}],"curies":[{"name":"wp","href":"https:\/\/api.w.org\/{rel}","templated":true}]}}